{"id":1116,"date":"2026-03-06T09:10:44","date_gmt":"2026-03-06T08:10:44","guid":{"rendered":"https:\/\/www.silbern.church\/es\/?page_id=1116"},"modified":"2026-03-30T09:40:11","modified_gmt":"2026-03-30T07:40:11","slug":"seminario-vivir-en-libertad","status":"publish","type":"page","link":"https:\/\/www.silbern.church\/es\/seminario-vivir-en-libertad\/","title":{"rendered":"Fin de Semana \u00abVivir en Libertad\u00bb"},"content":{"rendered":"<div id=\"pl-1116\"  class=\"panel-layout\" ><div id=\"pg-1116-0\"  class=\"panel-grid panel-no-style\" ><div id=\"pgc-1116-0-0\"  class=\"panel-grid-cell\" ><div id=\"panel-1116-0-0-0\" class=\"so-panel widget widget_meinechurchcontentspacer-widget panel-first-child panel-last-child\" data-index=\"0\" ><div\n\t\t\t\n\t\t\tclass=\"so-widget-meinechurchcontentspacer-widget so-widget-meinechurchcontentspacer-widget-base\"\n\t\t\t\n\t\t>\n\t<!-- Content spacer div with size-specific CSS class -->\n\t<div class=\"contentspacer-medium\"><\/div>\n<\/div><\/div><\/div><\/div><div id=\"pg-1116-1\"  class=\"panel-grid panel-no-style\" ><div id=\"pgc-1116-1-0\"  class=\"panel-grid-cell\" ><div id=\"panel-1116-1-0-0\" class=\"so-panel widget widget_sow-image panel-first-child\" data-index=\"1\" ><div\n\t\t\t\n\t\t\tclass=\"so-widget-sow-image so-widget-sow-image-default-8b5b6f678277-1116\"\n\t\t\t\n\t\t>\n<div class=\"sow-image-container\">\n\t\t<img src=\"data:image\/gif;base64,R0lGODlhAQABAAAAACH5BAEKAAEALAAAAAABAAEAAAICTAEAOw==\" width=\"1920\" height=\"1358\" sizes=\"(max-width: 1920px) 100vw, 1920px\" alt=\"\" class=\"so-widget-image lazyload\" data-src=\"https:\/\/www.silbern.church\/wp-content\/uploads\/3-4.jpg\">\n\t<\/div>\n\n<\/div><\/div><div id=\"panel-1116-1-0-1\" class=\"so-panel widget widget_meinechurchcontentspacer-widget panel-last-child\" data-index=\"2\" ><div\n\t\t\t\n\t\t\tclass=\"so-widget-meinechurchcontentspacer-widget so-widget-meinechurchcontentspacer-widget-base\"\n\t\t\t\n\t\t>\n\t<!-- Content spacer div with size-specific CSS class -->\n\t<div class=\"contentspacer-small\"><\/div>\n<\/div><\/div><\/div><div id=\"pgc-1116-1-1\"  class=\"panel-grid-cell\" ><div id=\"panel-1116-1-1-0\" class=\"so-panel widget widget_sow-editor panel-first-child\" data-index=\"3\" ><div\n\t\t\t\n\t\t\tclass=\"so-widget-sow-editor so-widget-sow-editor-base\"\n\t\t\t\n\t\t><h3 class=\"widget-title\">Seminario \"Vivir en Libertad\", 11 y 12 de abril de 2026<\/h3>\n<div class=\"siteorigin-widget-tinymce textwidget\">\n\t<div class=\"siteorigin-widget-tinymce textwidget\">\n<p style=\"font-weight: 400;\"><strong>T\u00f3mate un fin de semana para dar pasos concretos hacia adelante con el Esp\u00edritu Santo. Reg\u00e1late bienestar para cuerpo, alma y esp\u00edritu en el Hotel L\u00e4ndli, situado sobre el lago \u00c4gerisee.<\/strong><\/p>\n<p style=\"font-weight: 400;\">Dos d\u00edas pueden cambiar una vida: en el Hotel L\u00e4ndli descubrir\u00e1s claves para una vida en plenitud y para experimentar la libertad de Dios en todas las \u00e1reas. Adem\u00e1s, disfrutar\u00e1s de comuni\u00f3n en un ambiente agradable y acogedor.<\/p>\n<p style=\"font-weight: 400;\">Este curso sobre cuerpo, alma y esp\u00edritu te ayudar\u00e1 a vivir la libertad que Dios ha prometido.<\/p>\n<\/div>\n<p style=\"font-weight: 400;\">Temas:<\/p>\n<ul>\n<li style=\"font-weight: 400;\">Principios fundamentales de la libertad divina<\/li>\n<li style=\"font-weight: 400;\">Comprender y gestionar nuestras emociones<\/li>\n<li style=\"font-weight: 400;\">Victoria en el \u00e1mbito de los pensamientos<\/li>\n<li style=\"font-weight: 400;\">Comprender y vivir el perd\u00f3n<\/li>\n<li style=\"font-weight: 400;\">La interacci\u00f3n entre cuerpo, alma y esp\u00edritu<\/li>\n<li style=\"font-weight: 400;\">Experimentar sanidad integral<\/li>\n<\/ul>\n<p style=\"font-weight: 400;\">Hotel y Centro de Seminarios L\u00e4ndli<\/p>\n<p style=\"font-weight: 400;\">Im L\u00e4ndli 16, 6315 Ober\u00e4geri<\/p>\n<\/div>\n<\/div><\/div><div id=\"panel-1116-1-1-1\" class=\"so-panel widget widget_meinechurchcontentspacer-widget\" data-index=\"4\" ><div\n\t\t\t\n\t\t\tclass=\"so-widget-meinechurchcontentspacer-widget so-widget-meinechurchcontentspacer-widget-base\"\n\t\t\t\n\t\t>\n\t<!-- Content spacer div with size-specific CSS class -->\n\t<div class=\"contentspacer-small\"><\/div>\n<\/div><\/div><div id=\"panel-1116-1-1-2\" class=\"so-panel widget widget_sow-editor panel-last-child\" data-index=\"5\" ><div\n\t\t\t\n\t\t\tclass=\"so-widget-sow-editor so-widget-sow-editor-base\"\n\t\t\t\n\t\t><h3 class=\"widget-title\">Datas:<\/h3>\n<div class=\"siteorigin-widget-tinymce textwidget\">\n\t<div class=\"siteorigin-widget-tinymce textwidget\">\n<table>\n<tbody>\n<tr>\n<td style=\"background: #eee; font-weight: 600; padding: 0 4px; vertical-align: top;\" nowrap=\"nowrap\">Fechas:<\/td>\n<td style=\"padding: 0 0 0 10px; vertical-align: top;\">11 e 12 de abril de 2026<\/td>\n<\/tr>\n<tr>\n<td style=\"background: #eee; font-weight: 600; padding: 0 4px; vertical-align: top;\" nowrap=\"nowrap\">La tarifa diaria incluye lo siguientes:<\/td>\n<td style=\"padding: 0 0 0 10px; vertical-align: top;\">Caf\u00e9 de bienvenida, croissant, agua, todos los almuerzos &amp; agua, cena &amp; agua, merienda, \u00e1rea de bienestar (wellness), todos los cursos, estacionamiento<\/td>\n<\/tr>\n<tr>\n<td style=\"background: #eee; font-weight: 600; padding: 0 4px; vertical-align: top;\" nowrap=\"nowrap\">Punto de encuentro \/ Check-In:<\/td>\n<td style=\"padding: 0 0 0 10px; vertical-align: top;\"><span class=\"Y2IQFc\" lang=\"es\">s\u00e1bado, 11 de abril, 9:30 AM para caf\u00e9 y croissants de bienvenida.<\/span><\/td>\n<\/tr>\n<tr>\n<td style=\"background: #eee; font-weight: 600; padding: 0 4px; vertical-align: top;\" nowrap=\"nowrap\"><span class=\"Y2IQFc\" lang=\"es\">Fin del seminario:<\/span><\/td>\n<td style=\"padding: 0 0 0 10px; vertical-align: top;\">domingo, 12 de abril, 13:30<\/td>\n<\/tr>\n<tr>\n<td style=\"background: #eee; font-weight: 600; padding: 0 4px; vertical-align: top;\" nowrap=\"nowrap\">\n<p id=\"tw-target-text\" class=\"tw-data-text tw-text-large tw-ta\" dir=\"ltr\" tabindex=\"-1\" role=\"text\" data-placeholder=\"\u00dcbersetzung\" aria-label=\"\u00dcbersetzter Text: Ubicaci\u00f3n:\" data-ved=\"2ahUKEwjsp4Li8YqTAxUbgf0HHSJPJ94Q3ewLegQIDBAW\"><span class=\"Y2IQFc\" lang=\"es\">Ubicaci\u00f3n:<\/span><\/p>\n<\/td>\n<td style=\"padding: 0 0 0 10px; vertical-align: top;\">Hotel e Casa de Seminarios L\u00e4ndli, im L\u00e4ndli 16, 6315 Ober\u00e4geri<\/td>\n<\/tr>\n<tr>\n<td style=\"background: #eee; font-weight: 600; padding: 0 4px; vertical-align: top;\" nowrap=\"nowrap\">Lengua:<\/td>\n<td style=\"padding: 0 0 0 10px; vertical-align: top;\">DE\/PT\/SP<\/td>\n<\/tr>\n<\/tbody>\n<\/table>\n<p>&nbsp;<\/p>\n<\/div>\n<\/div>\n<\/div><\/div><\/div><\/div><div id=\"pg-1116-2\"  class=\"panel-grid panel-no-style\" ><div id=\"pgc-1116-2-0\"  class=\"panel-grid-cell\" ><div id=\"panel-1116-2-0-0\" class=\"so-panel widget widget_meinechurchcontentspacer-widget panel-first-child\" data-index=\"6\" ><div\n\t\t\t\n\t\t\tclass=\"so-widget-meinechurchcontentspacer-widget so-widget-meinechurchcontentspacer-widget-base\"\n\t\t\t\n\t\t>\n\t<!-- Content spacer div with size-specific CSS class -->\n\t<div class=\"contentspacer-medium\"><\/div>\n<\/div><\/div><div id=\"panel-1116-2-0-1\" class=\"so-panel widget widget_sow-editor\" data-index=\"7\" ><div\n\t\t\t\n\t\t\tclass=\"so-widget-sow-editor so-widget-sow-editor-base\"\n\t\t\t\n\t\t>\n<div class=\"siteorigin-widget-tinymce textwidget\">\n\t<h1 style=\"text-align: center;\">Inscripci\u00f3n<\/h1>\n<\/div>\n<\/div><\/div><div id=\"panel-1116-2-0-2\" class=\"widget_text so-panel widget widget_custom_html panel-last-child\" data-index=\"8\" ><div class=\"textwidget custom-html-widget\"><script class=\"nextevent\" type=\"text\/javascript\" src=\"https:\/\/widget-70bc3617df-silbern.nextevent.com\/widget\/embed#src=\/event\/9528ee43-1924-11f1-b3aa-06f8fbbdcf13?margin=0\"><\/script><\/div><\/div><\/div><\/div><div id=\"pg-1116-3\"  class=\"panel-grid panel-no-style\" ><div id=\"pgc-1116-3-0\"  class=\"panel-grid-cell\" ><div id=\"panel-1116-3-0-0\" class=\"so-panel widget widget_sow-editor panel-first-child panel-last-child\" data-index=\"9\" ><div\n\t\t\t\n\t\t\tclass=\"so-widget-sow-editor so-widget-sow-editor-base\"\n\t\t\t\n\t\t>\n<div class=\"siteorigin-widget-tinymce textwidget\">\n\t<\/p>\n<\/div>\n<\/div><\/div><\/div><\/div><\/div>","protected":false},"excerpt":{"rendered":"<p>T\u00f3mate un fin de semana para dar pasos concretos hacia adelante con el Esp\u00edritu Santo. Reg\u00e1late bienestar para cuerpo, alma y esp\u00edritu en el Hotel L\u00e4ndli, situado sobre el lago \u00c4gerisee. Dos d\u00edas pueden cambiar una vida: en el Hotel L\u00e4ndli descubrir\u00e1s claves para una vida en plenitud y para experimentar la libertad de Dios [&hellip;]<\/p>\n","protected":false},"author":4,"featured_media":0,"parent":0,"menu_order":0,"comment_status":"closed","ping_status":"closed","template":"","meta":{"inline_featured_image":false,"footnotes":""},"class_list":["post-1116","page","type-page","status-publish","hentry"],"_links":{"self":[{"href":"https:\/\/www.silbern.church\/es\/wp-json\/wp\/v2\/pages\/1116","targetHints":{"allow":["GET"]}}],"collection":[{"href":"https:\/\/www.silbern.church\/es\/wp-json\/wp\/v2\/pages"}],"about":[{"href":"https:\/\/www.silbern.church\/es\/wp-json\/wp\/v2\/types\/page"}],"author":[{"embeddable":true,"href":"https:\/\/www.silbern.church\/es\/wp-json\/wp\/v2\/users\/4"}],"replies":[{"embeddable":true,"href":"https:\/\/www.silbern.church\/es\/wp-json\/wp\/v2\/comments?post=1116"}],"version-history":[{"count":9,"href":"https:\/\/www.silbern.church\/es\/wp-json\/wp\/v2\/pages\/1116\/revisions"}],"predecessor-version":[{"id":1135,"href":"https:\/\/www.silbern.church\/es\/wp-json\/wp\/v2\/pages\/1116\/revisions\/1135"}],"wp:attachment":[{"href":"https:\/\/www.silbern.church\/es\/wp-json\/wp\/v2\/media?parent=1116"}],"curies":[{"name":"wp","href":"https:\/\/api.w.org\/{rel}","templated":true}]}}