{"id":565,"date":"2025-12-30T16:46:58","date_gmt":"2025-12-30T15:46:58","guid":{"rendered":"https:\/\/www.silbern.church\/es\/?page_id=565"},"modified":"2026-03-30T10:01:29","modified_gmt":"2026-03-30T08:01:29","slug":"marcar-la-diferencia","status":"publish","type":"page","link":"https:\/\/www.silbern.church\/es\/marcar-la-diferencia\/","title":{"rendered":"Curso \u00abMarcar la diferencia\u00bb"},"content":{"rendered":"<div id=\"pl-565\"  class=\"panel-layout\" ><div id=\"pg-565-0\"  class=\"panel-grid panel-no-style\" ><div id=\"pgc-565-0-0\"  class=\"panel-grid-cell\" ><div id=\"panel-565-0-0-0\" class=\"so-panel widget widget_meinechurchcontentspacer-widget panel-first-child panel-last-child\" data-index=\"0\" ><div\n\t\t\t\n\t\t\tclass=\"so-widget-meinechurchcontentspacer-widget so-widget-meinechurchcontentspacer-widget-base\"\n\t\t\t\n\t\t>\n\t<!-- Content spacer div with size-specific CSS class -->\n\t<div class=\"contentspacer-medium\"><\/div>\n<\/div><\/div><\/div><\/div><div id=\"pg-565-1\"  class=\"panel-grid panel-no-style\" ><div id=\"pgc-565-1-0\"  class=\"panel-grid-cell\" ><div id=\"panel-565-1-0-0\" class=\"so-panel widget widget_sow-image panel-first-child\" data-index=\"1\" ><div\n\t\t\t\n\t\t\tclass=\"so-widget-sow-image so-widget-sow-image-default-8b5b6f678277-565\"\n\t\t\t\n\t\t>\n<div class=\"sow-image-container\">\n\t\t<img src=\"data:image\/gif;base64,R0lGODlhAQABAAAAACH5BAEKAAEALAAAAAABAAEAAAICTAEAOw==\" width=\"1920\" height=\"1358\" sizes=\"(max-width: 1920px) 100vw, 1920px\" alt=\"\" class=\"so-widget-image lazyload\" data-src=\"https:\/\/www.silbern.church\/wp-content\/uploads\/3-3.jpg\">\n\t<\/div>\n\n<\/div><\/div><div id=\"panel-565-1-0-1\" class=\"so-panel widget widget_meinechurchcontentspacer-widget panel-last-child\" data-index=\"2\" ><div\n\t\t\t\n\t\t\tclass=\"so-widget-meinechurchcontentspacer-widget so-widget-meinechurchcontentspacer-widget-base\"\n\t\t\t\n\t\t>\n\t<!-- Content spacer div with size-specific CSS class -->\n\t<div class=\"contentspacer-small\"><\/div>\n<\/div><\/div><\/div><div id=\"pgc-565-1-1\"  class=\"panel-grid-cell\" ><div id=\"panel-565-1-1-0\" class=\"so-panel widget widget_sow-editor panel-first-child\" data-index=\"3\" ><div\n\t\t\t\n\t\t\tclass=\"so-widget-sow-editor so-widget-sow-editor-base\"\n\t\t\t\n\t\t>\n<div class=\"siteorigin-widget-tinymce textwidget\">\n\t<p>Aprende lo que significa utilizar tu vida para marcar la diferencia. P\u00f3r que yo exactamente? C\u00f3mo puedo ser un influencia positiva a mi alrededor? Este curso prepara a futuros l\u00edderes de Grupos Peque\u00f1os o de Ministerio y te motiva a confiar en Dios para cosas m\u00e1s grandes.<\/p>\n<\/div>\n<\/div><\/div><div id=\"panel-565-1-1-1\" class=\"so-panel widget widget_meinechurchcontentspacer-widget\" data-index=\"4\" ><div\n\t\t\t\n\t\t\tclass=\"so-widget-meinechurchcontentspacer-widget so-widget-meinechurchcontentspacer-widget-base\"\n\t\t\t\n\t\t>\n\t<!-- Content spacer div with size-specific CSS class -->\n\t<div class=\"contentspacer-small\"><\/div>\n<\/div><\/div><div id=\"panel-565-1-1-2\" class=\"so-panel widget widget_sow-editor panel-last-child\" data-index=\"5\" ><div\n\t\t\t\n\t\t\tclass=\"so-widget-sow-editor so-widget-sow-editor-base\"\n\t\t\t\n\t\t><h3 class=\"widget-title\">Fechas de las clases<\/h3>\n<div class=\"siteorigin-widget-tinymce textwidget\">\n\t<table>\n<tbody>\n<tr>\n<td style=\"background: #eee; font-weight: 600; padding: 0 4px; vertical-align: top;\" nowrap=\"nowrap\">Fechas:<\/td>\n<td style=\"padding: 0 0 0 10px; vertical-align: top;\">19.03. | 01.04. | 13.05.| 17.06.2026<\/td>\n<\/tr>\n<tr>\n<td style=\"background: #eee; font-weight: 600; padding: 0 4px; vertical-align: top;\" nowrap=\"nowrap\"><span lang=\"ES\">Horario<\/span>:<\/td>\n<td style=\"padding: 0 0 0 10px; vertical-align: top;\">19:30 \u2013 21:00 h<\/td>\n<\/tr>\n<tr>\n<td style=\"background: #eee; font-weight: 600; padding: 0 4px; vertical-align: top;\" nowrap=\"nowrap\"><span lang=\"ES\">Lugar<\/span>:<\/td>\n<td style=\"padding: 0 0 0 10px; vertical-align: top;\">Silbern Church<\/td>\n<\/tr>\n<tr>\n<td style=\"background: #eee; font-weight: 600; padding: 0 4px; vertical-align: top;\" nowrap=\"nowrap\">Lider:<\/td>\n<td style=\"padding: 0 0 0 10px; vertical-align: top;\">Stephan Lehmann-Maldonado<\/td>\n<\/tr>\n<tr>\n<td style=\"background: #eee; font-weight: 600; padding: 0 4px; vertical-align: top;\" nowrap=\"nowrap\">Lengua:<\/td>\n<td style=\"padding: 0 0 0 10px; vertical-align: top;\">DE\/PT\/SP<\/td>\n<\/tr>\n<\/tbody>\n<\/table>\n<p>&nbsp;<\/p>\n<\/div>\n<\/div><\/div><\/div><\/div><div id=\"pg-565-2\"  class=\"panel-grid panel-no-style\" ><div id=\"pgc-565-2-0\"  class=\"panel-grid-cell\" ><div id=\"panel-565-2-0-0\" class=\"so-panel widget widget_meinechurchcontentspacer-widget panel-first-child\" data-index=\"6\" ><div\n\t\t\t\n\t\t\tclass=\"so-widget-meinechurchcontentspacer-widget so-widget-meinechurchcontentspacer-widget-base\"\n\t\t\t\n\t\t>\n\t<!-- Content spacer div with size-specific CSS class -->\n\t<div class=\"contentspacer-medium\"><\/div>\n<\/div><\/div><div id=\"panel-565-2-0-1\" class=\"so-panel widget widget_sow-editor\" data-index=\"7\" ><div\n\t\t\t\n\t\t\tclass=\"so-widget-sow-editor so-widget-sow-editor-base\"\n\t\t\t\n\t\t>\n<div class=\"siteorigin-widget-tinymce textwidget\">\n\t<h1 style=\"text-align: center;\">Inscripci\u00f3n<\/h1>\n<\/div>\n<\/div><\/div><div id=\"panel-565-2-0-2\" class=\"so-panel widget widget_fluentform_widget panel-last-child\" data-index=\"8\" ><div class='fluentform ff-default fluentform_wrapper_15 ffs_default_wrap'><form data-form_id=\"15\" id=\"fluentform_15\" class=\"frm-fluent-form fluent_form_15 ff-el-form-top ff_form_instance_15_1 ff-form-loading ffs_default\" data-form_instance=\"ff_form_instance_15_1\" method=\"POST\" data-turnstile_key=\"0x4AAAAAAB47bGolEO5AEX_M\" ><fieldset  style=\"border: none!important;margin: 0!important;padding: 0!important;background-color: transparent!important;box-shadow: none!important;outline: none!important; min-inline-size: 100%;\">\n                    <legend class=\"ff_screen_reader_title\" style=\"display: block; margin: 0!important;padding: 0!important;height: 0!important;text-indent: -999999px;width: 0!important;overflow:hidden;\">Curso \u00abMarcar la diferencia\u00bb<\/legend>        <div\n                style=\"display: none!important; position: absolute!important; transform: translateX(1000%)!important;\"\n                class=\"ff-el-group ff-hpsf-container\"\n        >\n            <div class=\"ff-el-input--label asterisk-right\">\n                <label for=\"ff_15_item_sf\" aria-label=\"Contact\">\n                    Contact                <\/label>\n            <\/div>\n            <div class=\"ff-el-input--content\">\n                <input type=\"text\"\n                       name=\"item_15__fluent_sf\"\n                       class=\"ff-el-form-control\"\n                       id=\"ff_15_item_sf\"\n                \/>\n            <\/div>\n        <\/div>\n        <input type='hidden' name='__fluent_form_embded_post_id' value='565' \/><input type=\"hidden\" id=\"_fluentform_15_fluentformnonce\" name=\"_fluentform_15_fluentformnonce\" value=\"9970e8c082\" \/><input type=\"hidden\" name=\"_wp_http_referer\" value=\"\/es\/wp-json\/wp\/v2\/pages\/565\" \/><div data-name=\"ff_cn_id_1\"  class='ff-t-container ff-column-container ff_columns_total_2 '><div class='ff-t-cell ff-t-column-1' style='flex-basis: 50%;'><div class='ff-el-group'><div class=\"ff-el-input--label ff-el-is-required asterisk-right\"><label for='ff_15_firstname' id='label_ff_15_firstname' >Nombre<\/label><\/div><div class='ff-el-input--content'><input type=\"text\" name=\"firstname\" class=\"ff-el-form-control\" placeholder=\"Nombre\" data-name=\"firstname\" id=\"ff_15_firstname\"  aria-invalid=\"false\" aria-required=true><\/div><\/div><\/div><div class='ff-t-cell ff-t-column-2' style='flex-basis: 50%;'><div class='ff-el-group'><div class=\"ff-el-input--label ff-el-is-required asterisk-right\"><label for='ff_15_lastname' id='label_ff_15_lastname' >Apellido<\/label><\/div><div class='ff-el-input--content'><input type=\"text\" name=\"lastname\" class=\"ff-el-form-control\" placeholder=\"Apellido\" data-name=\"lastname\" id=\"ff_15_lastname\"  aria-invalid=\"false\" aria-required=true><\/div><\/div><\/div><\/div><div class='ff-el-group'><div class=\"ff-el-input--label ff-el-is-required asterisk-right\"><label for='ff_15_street' id='label_ff_15_street' aria-label=\"Calle\">Calle<\/label><\/div><div class='ff-el-input--content'><input type=\"text\" name=\"street\" class=\"ff-el-form-control\" data-name=\"street\" id=\"ff_15_street\"  aria-invalid=\"false\" aria-required=true><\/div><\/div><div data-name=\"ff_cn_id_2\"  class='ff-t-container ff-column-container ff_columns_total_2 '><div class='ff-t-cell ff-t-column-1' style='flex-basis: 17.81%;'><div class='ff-el-group'><div class=\"ff-el-input--label ff-el-is-required asterisk-right\"><label for='ff_15_zip' id='label_ff_15_zip' aria-label=\"C\u00f3digo postal\">C\u00f3digo postal<\/label><\/div><div class='ff-el-input--content'><input type=\"text\" name=\"zip\" class=\"ff-el-form-control\" placeholder=\"C\u00f3digo postal\" maxlength=\"8\" data-name=\"zip\" id=\"ff_15_zip\"  aria-invalid=\"false\" aria-required=true><\/div><\/div><\/div><div class='ff-t-cell ff-t-column-2' style='flex-basis: 82.19%;'><div class='ff-el-group'><div class=\"ff-el-input--label ff-el-is-required asterisk-right\"><label for='ff_15_city' id='label_ff_15_city' aria-label=\"Ciudad\">Ciudad<\/label><\/div><div class='ff-el-input--content'><input type=\"text\" name=\"city\" class=\"ff-el-form-control\" placeholder=\"Port\" data-name=\"city\" id=\"ff_15_city\"  aria-invalid=\"false\" aria-required=true><\/div><\/div><\/div><\/div><div class='ff-el-group'><div class=\"ff-el-input--label ff-el-is-required asterisk-right\"><label for='ff_15_email' id='label_ff_15_email' aria-label=\"Direcci\u00f3n de correo electr\u00f3nico\">Direcci\u00f3n de correo electr\u00f3nico<\/label><\/div><div class='ff-el-input--content'><input type=\"email\" name=\"email\" id=\"ff_15_email\" class=\"ff-el-form-control\" placeholder=\"Direcci\u00f3n de correo electr\u00f3nico\" data-name=\"email\"  aria-invalid=\"false\" aria-required=true><\/div><\/div><div class='ff-el-group'><div class=\"ff-el-input--label ff-el-is-required asterisk-right\"><label for='ff_15_phone' id='label_ff_15_phone' aria-label=\"N\u00famero de tel\u00e9fono\">N\u00famero de tel\u00e9fono<\/label><\/div><div class='ff-el-input--content'><input name=\"phone\" class=\"ff-el-form-control ff-el-phone ff_el_with_extended_validation\" type=\"tel\" placeholder=\"N\u00famero de tel\u00e9fono\" data-name=\"phone\" id=\"ff_15_phone\" inputmode=\"tel\"  aria-invalid='false' aria-required=true><\/div><\/div><div class='ff-el-group'><div class=\"ff-el-input--label asterisk-right\"><label for='ff_15_small_group' id='label_ff_15_small_group' aria-label=\"Estoy buscando el siguiente grupo peque\u00f1o:\">Estoy buscando el siguiente grupo peque\u00f1o:<\/label><\/div><div class='ff-el-input--content'><input type=\"text\" name=\"small_group\" class=\"ff-el-form-control\" data-name=\"small_group\" id=\"ff_15_small_group\"  aria-invalid=\"false\" aria-required=false><\/div><\/div><div class='ff-el-group'><div class=\"ff-el-input--label asterisk-right\"><label for='ff_15_small_group_1' id='label_ff_15_small_group_1' aria-label=\"Trabajo en el siguiente equipo con\">Trabajo en el siguiente equipo con<\/label><\/div><div class='ff-el-input--content'><input type=\"text\" name=\"small_group_1\" class=\"ff-el-form-control\" data-name=\"small_group_1\" id=\"ff_15_small_group_1\"  aria-invalid=\"false\" aria-required=false><\/div><\/div><div class='ff-el-group'><div class=\"ff-el-input--label ff-el-is-required asterisk-right\"><label   aria-label=\"Mi l\u00edder de grupo peque\u00f1o\/equipo me recomend\u00f3 para el curso\">Mi l\u00edder de grupo peque\u00f1o\/equipo me recomend\u00f3 para el curso<\/label><\/div><div class='ff-el-input--content'><div class='ff-el-form-check ff-el-form-check-'><label class='ff-el-form-check-label' for='recommendation_6cd63c6e149aed84d81b74662ef116dc'><input  type=\"radio\" name=\"recommendation\" data-name=\"recommendation\" class=\"ff-el-form-check-input ff-el-form-check-radio\" value=\"S\u00ed\"  id='recommendation_6cd63c6e149aed84d81b74662ef116dc' aria-label='S\u00ed' aria-invalid='false' aria-required=true> <span>S\u00ed<\/span><\/label><\/div><div class='ff-el-form-check ff-el-form-check-'><label class='ff-el-form-check-label' for='recommendation_1d9737dc6f864325b761a3d621d118e8'><input  type=\"radio\" name=\"recommendation\" data-name=\"recommendation\" class=\"ff-el-form-check-input ff-el-form-check-radio\" value=\"No\"  id='recommendation_1d9737dc6f864325b761a3d621d118e8' aria-label='No' aria-invalid='false' aria-required=true> <span>No<\/span><\/label><\/div><\/div><\/div><div class='ff-el-group'><div class=\"ff-el-input--label ff-el-is-required asterisk-right\"><label   aria-label=\"Ya asist\u00ed al curso \u201cExperimentar la Libertad\u201d o \u201cDecubir mi vocaci\u00f3n\u201d:\">Ya asist\u00ed al curso \u201cExperimentar la Libertad\u201d o \u201cDecubir mi vocaci\u00f3n\u201d:<\/label><\/div><div class='ff-el-input--content'><div class='ff-el-form-check ff-el-form-check-'><label class='ff-el-form-check-label' for='previous_training_2580fcd2dbf5f43c9bd2e1cf6f4ff177'><input  type=\"radio\" name=\"previous_training\" data-name=\"previous_training\" class=\"ff-el-form-check-input ff-el-form-check-radio\" value=\"S\u00ed\"  id='previous_training_2580fcd2dbf5f43c9bd2e1cf6f4ff177' aria-label='S\u00ed' aria-invalid='false' aria-required=true> <span>S\u00ed<\/span><\/label><\/div><div class='ff-el-form-check ff-el-form-check-'><label class='ff-el-form-check-label' for='previous_training_0b9917a551ce0a4fa983e2af7478abdf'><input  type=\"radio\" name=\"previous_training\" data-name=\"previous_training\" class=\"ff-el-form-check-input ff-el-form-check-radio\" value=\"No\"  id='previous_training_0b9917a551ce0a4fa983e2af7478abdf' aria-label='No' aria-invalid='false' aria-required=true> <span>No<\/span><\/label><\/div><\/div><\/div><div class='ff-el-group'><div class=\"ff-el-input--label asterisk-right\"><label for='ff_15_comments' id='label_ff_15_comments' aria-label=\"Observaciones:\">Observaciones:<\/label><\/div><div class='ff-el-input--content'><textarea aria-required=\"false\" aria-labelledby=\"label_ff_15_comments\" name=\"comments\" id=\"ff_15_comments\" class=\"ff-el-form-control\" placeholder=\"Observaciones\" rows=\"4\" cols=\"2\" data-name=\"comments\" ><\/textarea><\/div><\/div><div class='ff-el-group ' ><div class='ff-el-input--label'><label>Protecci\u00f3n antispam<\/label><\/div><div class='ff-el-input--content'><div data-fluent_id='15' name='cf-turnstile-response'><div\n\t\tdata-sitekey='0x4AAAAAAB47bGolEO5AEX_M'\n\t\tdata-theme='auto'\n\t\tid='fluentform-turnstile-15-1'\n\t\tclass='ff-el-turnstile cf-turnstile'\n\t\tdata-appearance='always'><\/div><\/div><\/div><\/div><div class='ff-el-group ff-text-left ff_submit_btn_wrapper'><button type=\"submit\" class=\"ff-btn ff-btn-submit ff-btn-md ff_btn_style\"  aria-label=\"Enviar\">Enviar<\/button><\/div><\/fieldset><\/form><div id='fluentform_15_errors' class='ff-errors-in-stack ff_form_instance_15_1 ff-form-loading_errors ff_form_instance_15_1_errors'><\/div><\/div>            <script type=\"text\/javascript\">\n                window.fluent_form_ff_form_instance_15_1 = {\"id\":\"15\",\"ajaxUrl\":\"https:\\\/\\\/www.silbern.church\\\/es\\\/wp-admin\\\/admin-ajax.php\",\"settings\":{\"layout\":{\"labelPlacement\":\"top\",\"helpMessagePlacement\":\"with_label\",\"errorMessagePlacement\":\"inline\",\"cssClassName\":\"\",\"asteriskPlacement\":\"asterisk-right\"},\"restrictions\":{\"denyEmptySubmission\":{\"enabled\":false}}},\"form_instance\":\"ff_form_instance_15_1\",\"form_id_selector\":\"fluentform_15\",\"rules\":{\"firstname\":{\"required\":{\"value\":true,\"global\":true,\"global_message\":\"Dieses Feld ist erforderlich\"}},\"lastname\":{\"required\":{\"value\":true,\"global\":true,\"global_message\":\"Dieses Feld ist erforderlich\"}},\"street\":{\"required\":{\"value\":true,\"global\":true,\"global_message\":\"Dieses Feld ist erforderlich\"}},\"zip\":{\"required\":{\"value\":true,\"global\":true,\"global_message\":\"Dieses Feld ist erforderlich\"}},\"city\":{\"required\":{\"value\":true,\"global\":true,\"global_message\":\"Dieses Feld ist erforderlich\"}},\"email\":{\"required\":{\"value\":true,\"global\":true,\"global_message\":\"Dieses Feld ist erforderlich\"},\"email\":{\"value\":true,\"global\":true,\"global_message\":\"Dieses Feld muss eine g\\u00fcltige E-Mail-Adresse enthalten\"}},\"phone\":{\"required\":{\"value\":true,\"global\":true,\"global_message\":\"Dieses Feld ist erforderlich\"},\"valid_phone_number\":{\"value\":true,\"global\":true,\"global_message\":\"Ung\\u00fcltige Telefonnummer\"}},\"small_group\":{\"required\":{\"value\":false,\"global\":true,\"global_message\":\"Dieses Feld ist erforderlich\"}},\"small_group_1\":{\"required\":{\"value\":false,\"global\":true,\"global_message\":\"Dieses Feld ist erforderlich\"}},\"recommendation\":{\"required\":{\"value\":true,\"global\":true,\"global_message\":\"Dieses Feld ist erforderlich\"}},\"previous_training\":{\"required\":{\"value\":true,\"global\":true,\"global_message\":\"Dieses Feld ist erforderlich\"}},\"comments\":{\"required\":{\"value\":false,\"global\":false,\"global_message\":\"Dieses Feld ist erforderlich\"}},\"cf-turnstile-response\":[]},\"debounce_time\":300};\n                            <\/script>\n            <\/div><\/div><\/div><\/div>","protected":false},"excerpt":{"rendered":"<p>Use a sua vida para fazer a diferen\u00e7a na vida de outras pessoas.<\/p>\n","protected":false},"author":1,"featured_media":1073,"parent":0,"menu_order":73,"comment_status":"closed","ping_status":"closed","template":"","meta":{"inline_featured_image":false,"footnotes":""},"class_list":["post-565","page","type-page","status-publish","has-post-thumbnail","hentry"],"_links":{"self":[{"href":"https:\/\/www.silbern.church\/es\/wp-json\/wp\/v2\/pages\/565","targetHints":{"allow":["GET"]}}],"collection":[{"href":"https:\/\/www.silbern.church\/es\/wp-json\/wp\/v2\/pages"}],"about":[{"href":"https:\/\/www.silbern.church\/es\/wp-json\/wp\/v2\/types\/page"}],"author":[{"embeddable":true,"href":"https:\/\/www.silbern.church\/es\/wp-json\/wp\/v2\/users\/1"}],"replies":[{"embeddable":true,"href":"https:\/\/www.silbern.church\/es\/wp-json\/wp\/v2\/comments?post=565"}],"version-history":[{"count":5,"href":"https:\/\/www.silbern.church\/es\/wp-json\/wp\/v2\/pages\/565\/revisions"}],"predecessor-version":[{"id":1140,"href":"https:\/\/www.silbern.church\/es\/wp-json\/wp\/v2\/pages\/565\/revisions\/1140"}],"wp:featuredmedia":[{"embeddable":true,"href":"https:\/\/www.silbern.church\/es\/wp-json\/"}],"wp:attachment":[{"href":"https:\/\/www.silbern.church\/es\/wp-json\/wp\/v2\/media?parent=565"}],"curies":[{"name":"wp","href":"https:\/\/api.w.org\/{rel}","templated":true}]}}