{"id":623,"date":"2025-12-30T19:43:28","date_gmt":"2025-12-30T18:43:28","guid":{"rendered":"https:\/\/www.silbern.church\/es\/?page_id=623"},"modified":"2026-01-01T21:49:06","modified_gmt":"2026-01-01T20:49:06","slug":"curso-de-membresia","status":"publish","type":"page","link":"https:\/\/www.silbern.church\/es\/curso-de-membresia\/","title":{"rendered":"Curso de Membres\u00eda"},"content":{"rendered":"<div id=\"pl-623\"  class=\"panel-layout\" ><div id=\"pg-623-0\"  class=\"panel-grid panel-no-style\" ><div id=\"pgc-623-0-0\"  class=\"panel-grid-cell\" ><div id=\"panel-623-0-0-0\" class=\"so-panel widget widget_meinechurchcontentspacer-widget panel-first-child panel-last-child\" data-index=\"0\" ><div\n\t\t\t\n\t\t\tclass=\"so-widget-meinechurchcontentspacer-widget so-widget-meinechurchcontentspacer-widget-base\"\n\t\t\t\n\t\t>\n\t<!-- Content spacer div with size-specific CSS class -->\n\t<div class=\"contentspacer-medium\"><\/div>\n<\/div><\/div><\/div><\/div><div id=\"pg-623-1\"  class=\"panel-grid panel-no-style\" ><div id=\"pgc-623-1-0\"  class=\"panel-grid-cell\" ><div id=\"panel-623-1-0-0\" class=\"so-panel widget widget_sow-image panel-first-child\" data-index=\"1\" ><div\n\t\t\t\n\t\t\tclass=\"so-widget-sow-image so-widget-sow-image-default-8b5b6f678277-623\"\n\t\t\t\n\t\t>\n<div class=\"sow-image-container\">\n\t\t<img src=\"data:image\/gif;base64,R0lGODlhAQABAAAAACH5BAEKAAEALAAAAAABAAEAAAICTAEAOw==\" width=\"1920\" height=\"1080\" sizes=\"(max-width: 1920px) 100vw, 1920px\" alt=\"\" class=\"so-widget-image lazyload\" data-src=\"https:\/\/www.silbern.church\/wp-content\/uploads\/mitgliedschaftskurs.jpg\">\n\t<\/div>\n\n<\/div><\/div><div id=\"panel-623-1-0-1\" class=\"so-panel widget widget_meinechurchcontentspacer-widget panel-last-child\" data-index=\"2\" ><div\n\t\t\t\n\t\t\tclass=\"so-widget-meinechurchcontentspacer-widget so-widget-meinechurchcontentspacer-widget-base\"\n\t\t\t\n\t\t>\n\t<!-- Content spacer div with size-specific CSS class -->\n\t<div class=\"contentspacer-small\"><\/div>\n<\/div><\/div><\/div><div id=\"pgc-623-1-1\"  class=\"panel-grid-cell\" ><div id=\"panel-623-1-1-0\" class=\"so-panel widget widget_sow-editor panel-first-child\" data-index=\"3\" ><div\n\t\t\t\n\t\t\tclass=\"so-widget-sow-editor so-widget-sow-editor-base\"\n\t\t\t\n\t\t>\n<div class=\"siteorigin-widget-tinymce textwidget\">\n\t<p>En el \u00abCurso de membres\u00eda\u00bb te presentaremos nuestra iglesia, el equipo que la dirige, nuestra estrategia y organizaci\u00f3n. Al finalizar el curso tendr\u00e1s la oportunidad de inscribirte como miembro.<\/p>\n<\/div>\n<\/div><\/div><div id=\"panel-623-1-1-1\" class=\"so-panel widget widget_meinechurchcontentspacer-widget\" data-index=\"4\" ><div\n\t\t\t\n\t\t\tclass=\"so-widget-meinechurchcontentspacer-widget so-widget-meinechurchcontentspacer-widget-base\"\n\t\t\t\n\t\t>\n\t<!-- Content spacer div with size-specific CSS class -->\n\t<div class=\"contentspacer-small\"><\/div>\n<\/div><\/div><div id=\"panel-623-1-1-2\" class=\"so-panel widget widget_sow-editor panel-last-child\" data-index=\"5\" ><div\n\t\t\t\n\t\t\tclass=\"so-widget-sow-editor so-widget-sow-editor-base\"\n\t\t\t\n\t\t><h3 class=\"widget-title\">Fecha del curso<\/h3>\n<div class=\"siteorigin-widget-tinymce textwidget\">\n\t<table>\n<tbody>\n<tr>\n<td style=\"background: #eee; font-weight: 600; padding: 0 4px; vertical-align: top;\" nowrap=\"nowrap\">Fecha:<\/td>\n<td style=\"padding: 0 0 0 10px; vertical-align: top;\">7 de junio de 2026<\/td>\n<\/tr>\n<tr>\n<td style=\"background: #eee; font-weight: 600; padding: 0 4px; vertical-align: top;\" nowrap=\"nowrap\">Hora:<\/td>\n<td style=\"padding: 0 0 0 10px; vertical-align: top;\">16:00<\/td>\n<\/tr>\n<tr>\n<td style=\"background: #eee; font-weight: 600; padding: 0 4px; vertical-align: top;\" nowrap=\"nowrap\">Duraci\u00f3n:<\/td>\n<td style=\"padding: 0 0 0 10px; vertical-align: top;\">ca. 45 minutos<\/td>\n<\/tr>\n<tr>\n<td style=\"background: #eee; font-weight: 600; padding: 0 4px; vertical-align: top;\" nowrap=\"nowrap\">Lugar:<\/td>\n<td style=\"padding: 0 0 0 10px; vertical-align: top;\">Silbern Church<\/td>\n<\/tr>\n<tr>\n<td style=\"background: #eee; font-weight: 600; padding: 0 4px; vertical-align: top;\" nowrap=\"nowrap\">Inscripci\u00f3n:<\/td>\n<td style=\"padding: 0 0 0 10px; vertical-align: top;\">No es necesario inscribirse<\/td>\n<\/tr>\n<tr>\n<td style=\"background: #eee; font-weight: 600; padding: 0 4px; vertical-align: top;\" nowrap=\"nowrap\">Ni\u00f1os:<\/td>\n<td style=\"padding: 0 0 0 10px; vertical-align: top;\">Durante el curso se ofrece cuidado de ni\u00f1os<\/td>\n<\/tr>\n<tr>\n<td style=\"background: #eee; font-weight: 600; padding: 0 4px; vertical-align: top;\" nowrap=\"nowrap\">Traducci\u00f3n:<\/td>\n<td style=\"padding: 0 0 0 10px; vertical-align: top;\">Se ofrece traducci\u00f3n en espa\u00f1ol y portugu\u00e9s.<\/td>\n<\/tr>\n<\/tbody>\n<\/table>\n<p>&nbsp;<\/p>\n<\/div>\n<\/div><\/div><\/div><\/div><\/div>","protected":false},"excerpt":{"rendered":"<p>La expresi\u00f3n de ser un miembro de nuestra iglesia<\/p>\n","protected":false},"author":1,"featured_media":145,"parent":0,"menu_order":80,"comment_status":"closed","ping_status":"closed","template":"","meta":{"inline_featured_image":false,"footnotes":""},"class_list":["post-623","page","type-page","status-publish","has-post-thumbnail","hentry"],"_links":{"self":[{"href":"https:\/\/www.silbern.church\/es\/wp-json\/wp\/v2\/pages\/623","targetHints":{"allow":["GET"]}}],"collection":[{"href":"https:\/\/www.silbern.church\/es\/wp-json\/wp\/v2\/pages"}],"about":[{"href":"https:\/\/www.silbern.church\/es\/wp-json\/wp\/v2\/types\/page"}],"author":[{"embeddable":true,"href":"https:\/\/www.silbern.church\/es\/wp-json\/wp\/v2\/users\/1"}],"replies":[{"embeddable":true,"href":"https:\/\/www.silbern.church\/es\/wp-json\/wp\/v2\/comments?post=623"}],"version-history":[{"count":0,"href":"https:\/\/www.silbern.church\/es\/wp-json\/wp\/v2\/pages\/623\/revisions"}],"wp:featuredmedia":[{"embeddable":true,"href":"https:\/\/www.silbern.church\/es\/wp-json\/"}],"wp:attachment":[{"href":"https:\/\/www.silbern.church\/es\/wp-json\/wp\/v2\/media?parent=623"}],"curies":[{"name":"wp","href":"https:\/\/api.w.org\/{rel}","templated":true}]}}