{"id":707,"date":"2025-12-30T21:17:54","date_gmt":"2025-12-30T20:17:54","guid":{"rendered":"https:\/\/www.silbern.church\/es\/?page_id=707"},"modified":"2026-01-28T17:16:06","modified_gmt":"2026-01-28T16:16:06","slug":"live","status":"publish","type":"page","link":"https:\/\/www.silbern.church\/es\/live\/","title":{"rendered":"Transmisi\u00f3n en vivo"},"content":{"rendered":"<div id=\"pl-707\"  class=\"panel-layout\" ><div id=\"pg-707-0\"  class=\"panel-grid panel-no-style\" ><div id=\"pgc-707-0-0\"  class=\"panel-grid-cell\" ><div id=\"panel-707-0-0-0\" class=\"so-panel widget widget_meinechurchcontentspacer-widget panel-first-child\" data-index=\"0\" ><div\n\t\t\t\n\t\t\tclass=\"so-widget-meinechurchcontentspacer-widget so-widget-meinechurchcontentspacer-widget-base\"\n\t\t\t\n\t\t>\n\t<!-- Content spacer div with size-specific CSS class -->\n\t<div class=\"contentspacer-small\"><\/div>\n<\/div><\/div><div id=\"panel-707-0-0-1\" class=\"so-panel widget widget_meinechurchliveservicelink-widget panel-last-child\" data-index=\"1\" ><div\n\t\t\t\n\t\t\tclass=\"so-widget-meinechurchliveservicelink-widget so-widget-meinechurchliveservicelink-widget-base\"\n\t\t\t\n\t\t>\n        <div class=\"meinechurch-no-stream-message\">\n            Actualmente, no se emite ning\u00fan servicio.        <\/div>\n\n                    <div class=\"meinechurch-next-service-header uk-text-center\">\n                <h3>El siguiente servicio en directo<\/h3>\n            <\/div>\n\n            <!-- Next service display -->\n            <div class=\"meinechurch-next-service-container uk-flex-center\" uk-grid>\n\n                <!-- Service Image -->\n                <div class=\"uk-width-auto meinechurch-next-service-image\">\n                                            <img decoding=\"async\" src=\"data:image\/gif;base64,R0lGODlhAQABAAAAACH5BAEKAAEALAAAAAABAAEAAAICTAEAOw==\" alt=\"Por que Jesus desperta rea\u00e7\u00f5es t\u00e3o diferentes\" class=\"lazyload\" data-src=\"https:\/\/meine.church\/services\/media\/series\/images\/es\/resized\/por_que_jesus-1_700.jpg\">\n                                        <\/div>\n\n                <!-- Service Details -->\n                <div class=\"meinechurch-next-service-details\">\n                    \n                    <div class=\"livestream-services-date\">\n                        <h3>domingo, 10 de mayo<\/h3>\n                    <\/div>\n\n                            <!-- Service item container -->\n                    <div uk-grid class=\"uk-grid-small\">\n\n                        <!-- Start time column -->\n                        <div class=\"uk-width-auto livestream-service-starttime\">\n                            17:00                        <\/div>\n            \n                        <!-- Title and speaker column -->\n                        <div class=\"uk-width-expand livestream-service-title\">\n                            <span class=\"livestream-services-title-seriestitle\">Warum Jesus?<\/span>: <span class=\"livestream-service-title-sermontitle\">Por que Jesus desperta rea\u00e7\u00f5es t\u00e3o diferentes<\/span><br \/><span class=\"livestream-service-title-subtitle\">Muttertag &amp; Kindersegnung<\/span>                            <br \/>\n                            <!-- Speaker name -->\n                            <span class=\"livestream-services-person\">\n                                Fernando Abade                            <\/span>\n                        <\/div>\n                    <\/div>\n                <\/div>\n            <\/div>\n        <\/div><\/div><\/div><\/div><\/div>","protected":false},"excerpt":{"rendered":"<p>Asiste aunque no puedas llegar.<\/p>\n","protected":false},"author":1,"featured_media":0,"parent":0,"menu_order":95,"comment_status":"closed","ping_status":"closed","template":"","meta":{"inline_featured_image":false,"footnotes":""},"class_list":["post-707","page","type-page","status-publish","hentry"],"_links":{"self":[{"href":"https:\/\/www.silbern.church\/es\/wp-json\/wp\/v2\/pages\/707","targetHints":{"allow":["GET"]}}],"collection":[{"href":"https:\/\/www.silbern.church\/es\/wp-json\/wp\/v2\/pages"}],"about":[{"href":"https:\/\/www.silbern.church\/es\/wp-json\/wp\/v2\/types\/page"}],"author":[{"embeddable":true,"href":"https:\/\/www.silbern.church\/es\/wp-json\/wp\/v2\/users\/1"}],"replies":[{"embeddable":true,"href":"https:\/\/www.silbern.church\/es\/wp-json\/wp\/v2\/comments?post=707"}],"version-history":[{"count":2,"href":"https:\/\/www.silbern.church\/es\/wp-json\/wp\/v2\/pages\/707\/revisions"}],"predecessor-version":[{"id":1101,"href":"https:\/\/www.silbern.church\/es\/wp-json\/wp\/v2\/pages\/707\/revisions\/1101"}],"wp:attachment":[{"href":"https:\/\/www.silbern.church\/es\/wp-json\/wp\/v2\/media?parent=707"}],"curies":[{"name":"wp","href":"https:\/\/api.w.org\/{rel}","templated":true}]}}