{"id":1074,"date":"2026-02-04T16:48:22","date_gmt":"2026-02-04T15:48:22","guid":{"rendered":"https:\/\/www.silbern.church\/pt\/?page_id=1074"},"modified":"2026-03-18T14:45:30","modified_gmt":"2026-03-18T13:45:30","slug":"cafe-entre-amigas","status":"publish","type":"page","link":"https:\/\/www.silbern.church\/pt\/cafe-entre-amigas\/","title":{"rendered":"Caf\u00e9 entre amigas"},"content":{"rendered":"<div id=\"pl-1074\"  class=\"panel-layout\" ><div id=\"pg-1074-0\"  class=\"panel-grid panel-no-style\" ><div id=\"pgc-1074-0-0\"  class=\"panel-grid-cell\" ><div id=\"panel-1074-0-0-0\" class=\"so-panel widget widget_meinechurchcontentspacer-widget panel-first-child\" data-index=\"0\" ><div\n\t\t\t\n\t\t\tclass=\"so-widget-meinechurchcontentspacer-widget so-widget-meinechurchcontentspacer-widget-base\"\n\t\t\t\n\t\t>\n\t<!-- Content spacer div with size-specific CSS class -->\n\t<div class=\"contentspacer-small\"><\/div>\n<\/div><\/div><div id=\"panel-1074-0-0-1\" class=\"so-panel widget widget_sow-editor\" data-index=\"1\" ><div\n\t\t\t\n\t\t\tclass=\"so-widget-sow-editor so-widget-sow-editor-base\"\n\t\t\t\n\t\t><h3 class=\"widget-title\">Frauenfr\u00fchst\u00fcck <\/h3>\n<div class=\"siteorigin-widget-tinymce textwidget\">\n\t<p style=\"font-weight: 400;\"><strong>Deutsch<\/strong><\/p>\n<p style=\"font-weight: 400;\">Liebe Frauen \ud83d\udc95<\/p>\n<p style=\"font-weight: 400;\">Wir laden euch herzlich zu unserem Frauenfr\u00fchst\u00fcck ein \u2013 eine besondere Gelegenheit f\u00fcr Gemeinschaft, Freundschaft und anregende Gespr\u00e4che unter Freundinnen.<\/p>\n<p style=\"font-weight: 400;\">Es erwartet uns ein gem\u00fctlicher und entspannter Vormittag, an dem ihr eure Freundschaften st\u00e4rken, gemeinsam lachen und wertvolle Momente genie\u00dfen k\u00f6nnt.<\/p>\n<p style=\"font-weight: 400;\"><strong>Samstag, 21. M\u00e4rz 2026<\/strong><br \/>\n<strong>09:00 - 12:00 Uhr<\/strong><br \/>\n<strong>Hotel Hilton Garden Inn \u2013 Spreitenbach<\/strong><\/p>\n<p style=\"font-weight: 400;\">Wir freuen uns auf Sie! \ud83c\udf37\u2728<\/p>\n<\/div>\n<\/div><\/div><div id=\"panel-1074-0-0-2\" class=\"so-panel widget widget_meinechurchcontentspacer-widget panel-last-child\" data-index=\"2\" ><div\n\t\t\t\n\t\t\tclass=\"so-widget-meinechurchcontentspacer-widget so-widget-meinechurchcontentspacer-widget-base\"\n\t\t\t\n\t\t>\n\t<!-- Content spacer div with size-specific CSS class -->\n\t<div class=\"contentspacer-small\"><\/div>\n<\/div><\/div><\/div><div id=\"pgc-1074-0-1\"  class=\"panel-grid-cell\" ><div id=\"panel-1074-0-1-0\" class=\"so-panel widget widget_meinechurchcontentspacer-widget panel-first-child\" data-index=\"3\" ><div\n\t\t\t\n\t\t\tclass=\"so-widget-meinechurchcontentspacer-widget so-widget-meinechurchcontentspacer-widget-base\"\n\t\t\t\n\t\t>\n\t<!-- Content spacer div with size-specific CSS class -->\n\t<div class=\"contentspacer-small\"><\/div>\n<\/div><\/div><div id=\"panel-1074-0-1-1\" class=\"so-panel widget widget_sow-editor\" data-index=\"4\" ><div\n\t\t\t\n\t\t\tclass=\"so-widget-sow-editor so-widget-sow-editor-base\"\n\t\t\t\n\t\t><h3 class=\"widget-title\">Caf\u00e9 entre amigas<\/h3>\n<div class=\"siteorigin-widget-tinymce textwidget\">\n\t<p style=\"font-weight: 400;\"><b>\ud83c\uddf5\ud83c\uddf9<\/b><b>\u00a0Portugu\u00eas<\/b><\/p>\n<p style=\"font-weight: 400;\">Queridas mulheres \ud83d\udc95<br \/>\nCom muito carinho, convidamos voc\u00ea para o nosso\u00a0<strong>Caf\u00e9 da Manh\u00e3 para Mulheres<\/strong>\u00a0 um tempo especial de comunh\u00e3o, partilha e boas conversas entre amigas.<\/p>\n<p style=\"font-weight: 400;\">Ser\u00e1 uma manh\u00e3 leve e acolhedora, preparada para fortalecer la\u00e7os, rir juntas e desfrutar de momentos preciosos na presen\u00e7a umas das outras.<\/p>\n<p style=\"font-weight: 400;\">\u00a0<strong>S\u00e1bado, 21 de mar\u00e7o<\/strong><br \/>\n<strong>09:00 - 12:00 Uhr<\/strong><br \/>\n<strong>Hotel Hilton Garden Inn \u2013 Spreitenbach<\/strong><\/p>\n<p style=\"font-weight: 400;\">Esperamos voc\u00ea para viver esse momento especial conosco \ud83c\udf37\u2728<\/p>\n<\/div>\n<\/div><\/div><div id=\"panel-1074-0-1-2\" class=\"so-panel widget widget_meinechurchcontentspacer-widget panel-last-child\" data-index=\"5\" ><div\n\t\t\t\n\t\t\tclass=\"so-widget-meinechurchcontentspacer-widget so-widget-meinechurchcontentspacer-widget-base\"\n\t\t\t\n\t\t>\n\t<!-- Content spacer div with size-specific CSS class -->\n\t<div class=\"contentspacer-small\"><\/div>\n<\/div><\/div><\/div><div id=\"pgc-1074-0-2\"  class=\"panel-grid-cell\" ><div id=\"panel-1074-0-2-0\" class=\"so-panel widget widget_meinechurchcontentspacer-widget panel-first-child\" data-index=\"6\" ><div\n\t\t\t\n\t\t\tclass=\"so-widget-meinechurchcontentspacer-widget so-widget-meinechurchcontentspacer-widget-base\"\n\t\t\t\n\t\t>\n\t<!-- Content spacer div with size-specific CSS class -->\n\t<div class=\"contentspacer-small\"><\/div>\n<\/div><\/div><div id=\"panel-1074-0-2-1\" class=\"so-panel widget widget_sow-editor\" data-index=\"7\" ><div\n\t\t\t\n\t\t\tclass=\"so-widget-sow-editor so-widget-sow-editor-base\"\n\t\t\t\n\t\t><h3 class=\"widget-title\">Caf\u00e9 para mujeres<\/h3>\n<div class=\"siteorigin-widget-tinymce textwidget\">\n\t<p style=\"font-weight: 400;\"><strong>\ud83c\uddea\ud83c\uddf8<\/strong><strong>\u00a0Espa\u00f1ol<\/strong><\/p>\n<p style=\"font-weight: 400;\">Queridas mujeres \ud83d\udc95<br \/>\nCon mucho cari\u00f1o, te invitamos a nuestro\u00a0<strong>Desayuno para Mujeres<\/strong>\u00a0 un tiempo especial de comuni\u00f3n, amistad y lindas conversaciones entre amigas.<\/p>\n<p style=\"font-weight: 400;\">Ser\u00e1 una ma\u00f1ana acogedora y relajada, pensada para fortalecer lazos, compartir risas y disfrutar juntas de momentos valiosos.<\/p>\n<p style=\"font-weight: 400;\"><strong>S\u00e1bado, 21 de marzo<\/strong><br \/>\n<strong>09:00 - 12:00 Uhr<\/strong><br \/>\n<strong>Hotel Hilton Garden Inn \u2013 Spreitenbach<\/strong><\/p>\n<p style=\"font-weight: 400;\">\u00a1Ser\u00e1 una alegr\u00eda contar contigo! \ud83c\udf37\u2728<\/p>\n<\/div>\n<\/div><\/div><div id=\"panel-1074-0-2-2\" class=\"so-panel widget widget_meinechurchcontentspacer-widget panel-last-child\" data-index=\"8\" ><div\n\t\t\t\n\t\t\tclass=\"so-widget-meinechurchcontentspacer-widget so-widget-meinechurchcontentspacer-widget-base\"\n\t\t\t\n\t\t>\n\t<!-- Content spacer div with size-specific CSS class -->\n\t<div class=\"contentspacer-small\"><\/div>\n<\/div><\/div><\/div><\/div><div id=\"pg-1074-1\"  class=\"panel-grid panel-no-style\" ><div id=\"pgc-1074-1-0\"  class=\"panel-grid-cell\" ><div id=\"panel-1074-1-0-0\" class=\"so-panel widget widget_meinechurchcontentspacer-widget panel-first-child\" data-index=\"9\" ><div\n\t\t\t\n\t\t\tclass=\"so-widget-meinechurchcontentspacer-widget so-widget-meinechurchcontentspacer-widget-base\"\n\t\t\t\n\t\t>\n\t<!-- Content spacer div with size-specific CSS class -->\n\t<div class=\"contentspacer-medium\"><\/div>\n<\/div><\/div><div id=\"panel-1074-1-0-1\" class=\"so-panel widget widget_sow-editor panel-last-child\" data-index=\"10\" ><div\n\t\t\t\n\t\t\tclass=\"so-widget-sow-editor so-widget-sow-editor-base\"\n\t\t\t\n\t\t>\n<div class=\"siteorigin-widget-tinymce textwidget\">\n\t<h1 style=\"text-align: center;\">Registro<\/h1>\n<p>Der Anmeldeschluss ist vorbei. <span class=\"Y2IQFc\" lang=\"pt\">O prazo de inscri\u00e7\u00e3o j\u00e1 expirou. <\/span><span class=\"Y2IQFc\" lang=\"es\">El plazo de inscripci\u00f3n ha finalizado.<\/span><\/p>\n<p>&nbsp;<\/p>\n<\/div>\n<\/div><\/div><\/div><\/div><\/div>","protected":false},"excerpt":{"rendered":"<p>Deutsch Liebe Frauen \ud83d\udc95 Wir laden euch herzlich zu unserem Frauenfr\u00fchst\u00fcck ein \u2013 eine besondere Gelegenheit f\u00fcr Gemeinschaft, Freundschaft und anregende Gespr\u00e4che unter Freundinnen. Es erwartet uns ein gem\u00fctlicher und entspannter Vormittag, an dem ihr eure Freundschaften st\u00e4rken, gemeinsam lachen und wertvolle Momente genie\u00dfen k\u00f6nnt. Samstag, 21. M\u00e4rz 2026 09:00 &#8211; 12:00 Uhr Hotel Hilton [&hellip;]<\/p>\n","protected":false},"author":4,"featured_media":1200,"parent":0,"menu_order":3,"comment_status":"closed","ping_status":"closed","template":"page-onepager.php","meta":{"inline_featured_image":false,"footnotes":""},"class_list":["post-1074","page","type-page","status-publish","has-post-thumbnail","hentry"],"_links":{"self":[{"href":"https:\/\/www.silbern.church\/pt\/wp-json\/wp\/v2\/pages\/1074","targetHints":{"allow":["GET"]}}],"collection":[{"href":"https:\/\/www.silbern.church\/pt\/wp-json\/wp\/v2\/pages"}],"about":[{"href":"https:\/\/www.silbern.church\/pt\/wp-json\/wp\/v2\/types\/page"}],"author":[{"embeddable":true,"href":"https:\/\/www.silbern.church\/pt\/wp-json\/wp\/v2\/users\/4"}],"replies":[{"embeddable":true,"href":"https:\/\/www.silbern.church\/pt\/wp-json\/wp\/v2\/comments?post=1074"}],"version-history":[{"count":13,"href":"https:\/\/www.silbern.church\/pt\/wp-json\/wp\/v2\/pages\/1074\/revisions"}],"predecessor-version":[{"id":1133,"href":"https:\/\/www.silbern.church\/pt\/wp-json\/wp\/v2\/pages\/1074\/revisions\/1133"}],"wp:featuredmedia":[{"embeddable":true,"href":"https:\/\/www.silbern.church\/pt\/wp-json\/"}],"wp:attachment":[{"href":"https:\/\/www.silbern.church\/pt\/wp-json\/wp\/v2\/media?parent=1074"}],"curies":[{"name":"wp","href":"https:\/\/api.w.org\/{rel}","templated":true}]}}