{"id":191,"date":"2025-12-29T14:42:37","date_gmt":"2025-12-29T13:42:37","guid":{"rendered":"https:\/\/www.silbern.church\/pt\/?page_id=191"},"modified":"2026-01-02T15:35:11","modified_gmt":"2026-01-02T14:35:11","slug":"ofertar","status":"publish","type":"page","link":"https:\/\/www.silbern.church\/pt\/ofertar\/","title":{"rendered":"Ofertar"},"content":{"rendered":"<div id=\"pl-191\"  class=\"panel-layout\" ><div id=\"pg-191-0\"  class=\"panel-grid panel-no-style\" ><div id=\"pgc-191-0-0\"  class=\"panel-grid-cell\" ><div id=\"panel-191-0-0-0\" class=\"so-panel widget widget_meinechurchcontentspacer-widget panel-first-child\" data-index=\"0\" ><div\n\t\t\t\n\t\t\tclass=\"so-widget-meinechurchcontentspacer-widget so-widget-meinechurchcontentspacer-widget-base\"\n\t\t\t\n\t\t>\n\t<!-- Content spacer div with size-specific CSS class -->\n\t<div class=\"contentspacer-small\"><\/div>\n<\/div><\/div><div id=\"panel-191-0-0-1\" class=\"so-panel widget widget_meinechurchliveservicelink-widget panel-last-child\" data-index=\"1\" ><div\n\t\t\t\n\t\t\tclass=\"so-widget-meinechurchliveservicelink-widget so-widget-meinechurchliveservicelink-widget-base\"\n\t\t\t\n\t\t>\n<\/div><\/div><\/div><\/div><\/div>","protected":false},"excerpt":{"rendered":"<p>Fa\u00e7a a diferen\u00e7a com as finan\u00e7as.<\/p>\n","protected":false},"author":1,"featured_media":50,"parent":0,"menu_order":6,"comment_status":"closed","ping_status":"closed","template":"page-onepager.php","meta":{"inline_featured_image":false,"footnotes":""},"class_list":["post-191","page","type-page","status-publish","has-post-thumbnail","hentry"],"_links":{"self":[{"href":"https:\/\/www.silbern.church\/pt\/wp-json\/wp\/v2\/pages\/191","targetHints":{"allow":["GET"]}}],"collection":[{"href":"https:\/\/www.silbern.church\/pt\/wp-json\/wp\/v2\/pages"}],"about":[{"href":"https:\/\/www.silbern.church\/pt\/wp-json\/wp\/v2\/types\/page"}],"author":[{"embeddable":true,"href":"https:\/\/www.silbern.church\/pt\/wp-json\/wp\/v2\/users\/1"}],"replies":[{"embeddable":true,"href":"https:\/\/www.silbern.church\/pt\/wp-json\/wp\/v2\/comments?post=191"}],"version-history":[{"count":0,"href":"https:\/\/www.silbern.church\/pt\/wp-json\/wp\/v2\/pages\/191\/revisions"}],"wp:featuredmedia":[{"embeddable":true,"href":"https:\/\/www.silbern.church\/pt\/wp-json\/"}],"wp:attachment":[{"href":"https:\/\/www.silbern.church\/pt\/wp-json\/wp\/v2\/media?parent=191"}],"curies":[{"name":"wp","href":"https:\/\/api.w.org\/{rel}","templated":true}]}}