{"id":407,"date":"2025-12-29T20:52:06","date_gmt":"2025-12-29T19:52:06","guid":{"rendered":"https:\/\/www.silbern.church\/pt\/?page_id=407"},"modified":"2026-03-30T09:45:32","modified_gmt":"2026-03-30T07:45:32","slug":"viver-em-liberdade","status":"publish","type":"page","link":"https:\/\/www.silbern.church\/pt\/viver-em-liberdade\/","title":{"rendered":"Semin\u00e1rio \u00abViver em liberdade\u00bb"},"content":{"rendered":"<div id=\"pl-407\"  class=\"panel-layout\" ><div id=\"pg-407-0\"  class=\"panel-grid panel-no-style\" ><div id=\"pgc-407-0-0\"  class=\"panel-grid-cell\" ><div id=\"panel-407-0-0-0\" class=\"so-panel widget widget_meinechurchcontentspacer-widget panel-first-child panel-last-child\" data-index=\"0\" ><div\n\t\t\t\n\t\t\tclass=\"so-widget-meinechurchcontentspacer-widget so-widget-meinechurchcontentspacer-widget-base\"\n\t\t\t\n\t\t>\n\t<!-- Content spacer div with size-specific CSS class -->\n\t<div class=\"contentspacer-medium\"><\/div>\n<\/div><\/div><\/div><\/div><div id=\"pg-407-1\"  class=\"panel-grid panel-no-style\" ><div id=\"pgc-407-1-0\"  class=\"panel-grid-cell\" ><div id=\"panel-407-1-0-0\" class=\"so-panel widget widget_sow-image panel-first-child\" data-index=\"1\" ><div\n\t\t\t\n\t\t\tclass=\"so-widget-sow-image so-widget-sow-image-default-8b5b6f678277-407\"\n\t\t\t\n\t\t>\n<div class=\"sow-image-container\">\n\t\t<img src=\"data:image\/gif;base64,R0lGODlhAQABAAAAACH5BAEKAAEALAAAAAABAAEAAAICTAEAOw==\" width=\"1920\" height=\"1358\" sizes=\"(max-width: 1920px) 100vw, 1920px\" alt=\"\" class=\"so-widget-image lazyload\" data-src=\"https:\/\/www.silbern.church\/wp-content\/uploads\/2-5.jpg\">\n\t<\/div>\n\n<\/div><\/div><div id=\"panel-407-1-0-1\" class=\"so-panel widget widget_meinechurchcontentspacer-widget panel-last-child\" data-index=\"2\" ><div\n\t\t\t\n\t\t\tclass=\"so-widget-meinechurchcontentspacer-widget so-widget-meinechurchcontentspacer-widget-base\"\n\t\t\t\n\t\t>\n\t<!-- Content spacer div with size-specific CSS class -->\n\t<div class=\"contentspacer-small\"><\/div>\n<\/div><\/div><\/div><div id=\"pgc-407-1-1\"  class=\"panel-grid-cell\" ><div id=\"panel-407-1-1-0\" class=\"so-panel widget widget_sow-editor panel-first-child\" data-index=\"3\" ><div\n\t\t\t\n\t\t\tclass=\"so-widget-sow-editor so-widget-sow-editor-base\"\n\t\t\t\n\t\t><h3 class=\"widget-title\">Fim de Semana \"Viver em liberdade\" de 11 a 12 de abril de 2026<\/h3>\n<div class=\"siteorigin-widget-tinymce textwidget\">\n\t<p style=\"font-weight: 400;\"><strong>Reserve um fim de semana para dar passos concretos adiante com o Esp\u00edrito Santo. Permita-se momentos de cuidado e renova\u00e7\u00e3o para corpo, alma e esp\u00edrito no Hotel L\u00e4ndli, acima do lago \u00c4gerisee.<\/strong><\/p>\n<p style=\"font-weight: 400;\">Dois dias podem transformar uma vida: no Hotel L\u00e4ndli voc\u00ea conhecer\u00e1 chaves para uma vida em plenitude e para viver a liberdade de Deus em todas as \u00e1reas. Al\u00e9m disso, desfrutar\u00e1 de comunh\u00e3o em um ambiente acolhedor e agrad\u00e1vel.<\/p>\n<p style=\"font-weight: 400;\">Este curso sobre corpo, alma e esp\u00edrito ajudar\u00e1 voc\u00ea a experimentar a liberdade que Deus prometeu.<\/p>\n<p style=\"font-weight: 400;\">Temas:<\/p>\n<ul>\n<li style=\"font-weight: 400;\">Princ\u00edpios fundamentais da liberdade divina<\/li>\n<li style=\"font-weight: 400;\">Compreendendo e administrando nossas emo\u00e7\u00f5es<\/li>\n<li style=\"font-weight: 400;\">Vit\u00f3ria na \u00e1rea dos pensamentos<\/li>\n<li style=\"font-weight: 400;\">Compreendendo e vivendo o perd\u00e3o<\/li>\n<li style=\"font-weight: 400;\">A intera\u00e7\u00e3o entre corpo, alma e esp\u00edrito<\/li>\n<li style=\"font-weight: 400;\">Experimentando cura integral<\/li>\n<\/ul>\n<p style=\"font-weight: 400;\">\n<\/div>\n<\/div><\/div><div id=\"panel-407-1-1-1\" class=\"so-panel widget widget_meinechurchcontentspacer-widget\" data-index=\"4\" ><div\n\t\t\t\n\t\t\tclass=\"so-widget-meinechurchcontentspacer-widget so-widget-meinechurchcontentspacer-widget-base\"\n\t\t\t\n\t\t>\n\t<!-- Content spacer div with size-specific CSS class -->\n\t<div class=\"contentspacer-small\"><\/div>\n<\/div><\/div><div id=\"panel-407-1-1-2\" class=\"so-panel widget widget_text panel-last-child\" data-index=\"5\" >\t\t\t<div class=\"textwidget\"><div class=\"siteorigin-widget-tinymce textwidget\">\n<table>\n<tbody>\n<tr>\n<td style=\"background: #eee; font-weight: 600; padding: 0 4px; vertical-align: top;\" nowrap=\"nowrap\">Datas:<\/td>\n<td style=\"padding: 0 0 0 10px; vertical-align: top;\">11 e 12 de abril de 2026<\/td>\n<\/tr>\n<tr>\n<td style=\"background: #eee; font-weight: 600; padding: 0 4px; vertical-align: top;\" nowrap=\"nowrap\">A di\u00e1ria incluido o seguiste:<\/td>\n<td style=\"padding: 0 0 0 10px; vertical-align: top;\">Caf\u00e9 de boas-vindas, croissant, \u00e1gua, todos os almo\u00e7os &amp; \u00e1gua, jantar &amp; \u00e1gua, lanche da tarde, \u00e1rea de bem-estar (wellness), todos os cursos, estacionamento<\/td>\n<\/tr>\n<tr>\n<td style=\"background: #eee; font-weight: 600; padding: 0 4px; vertical-align: top;\" nowrap=\"nowrap\">Ponto de encontr\u00f3 \/ Check-In:<\/td>\n<td style=\"padding: 0 0 0 10px; vertical-align: top;\"><span class=\"Y2IQFc\" lang=\"es\">s\u00e1bado, 11 de abril, 9:30 AM para caf\u00e9 y croissants de bienvenida.<\/span><\/td>\n<\/tr>\n<tr>\n<td style=\"background: #eee; font-weight: 600; padding: 0 4px; vertical-align: top;\" nowrap=\"nowrap\"><span class=\"Y2IQFc\" lang=\"es\">Fim do semin\u00e1rio:<\/span><\/td>\n<td style=\"padding: 0 0 0 10px; vertical-align: top;\">Domingo, 12 de abril, 12:00<\/td>\n<\/tr>\n<tr>\n<td style=\"background: #eee; font-weight: 600; padding: 0 4px; vertical-align: top;\" nowrap=\"nowrap\">\n<p class=\"tw-data-text tw-text-large tw-ta\" dir=\"ltr\" tabindex=\"-1\" role=\"text\" data-placeholder=\"\u00dcbersetzung\" aria-label=\"\u00dcbersetzter Text: Ubicaci\u00f3n:\" data-ved=\"2ahUKEwjsp4Li8YqTAxUbgf0HHSJPJ94Q3ewLegQIDBAW\"><span class=\"Y2IQFc\" lang=\"es\">Localiza\u00e7\u00e3o<\/span><\/p>\n<\/td>\n<td style=\"padding: 0 0 0 10px; vertical-align: top;\">Hotel e Casa de Seminarios L\u00e4ndli, im L\u00e4ndli 16, 6315 Ober\u00e4geri<\/td>\n<\/tr>\n<tr>\n<td style=\"background: #eee; font-weight: 600; padding: 0 4px; vertical-align: top;\" nowrap=\"nowrap\">Linkem:<\/td>\n<td style=\"padding: 0 0 0 10px; vertical-align: top;\">DE\/PT\/SP<\/td>\n<\/tr>\n<\/tbody>\n<\/table>\n<p>&nbsp;<\/p>\n<\/div>\n<\/div>\n\t\t<\/div><\/div><\/div><div id=\"pg-407-2\"  class=\"panel-grid panel-no-style\" ><div id=\"pgc-407-2-0\"  class=\"panel-grid-cell\" ><div id=\"panel-407-2-0-0\" class=\"so-panel widget widget_meinechurchcontentspacer-widget panel-first-child\" data-index=\"6\" ><div\n\t\t\t\n\t\t\tclass=\"so-widget-meinechurchcontentspacer-widget so-widget-meinechurchcontentspacer-widget-base\"\n\t\t\t\n\t\t>\n\t<!-- Content spacer div with size-specific CSS class -->\n\t<div class=\"contentspacer-medium\"><\/div>\n<\/div><\/div><div id=\"panel-407-2-0-1\" class=\"so-panel widget widget_sow-editor\" data-index=\"7\" ><div\n\t\t\t\n\t\t\tclass=\"so-widget-sow-editor so-widget-sow-editor-base\"\n\t\t\t\n\t\t>\n<div class=\"siteorigin-widget-tinymce textwidget\">\n\t<h1 style=\"text-align: center;\">Inscri\u00e7\u00e3o<\/h1>\n<\/div>\n<\/div><\/div><div id=\"panel-407-2-0-2\" class=\"widget_text so-panel widget widget_custom_html panel-last-child\" data-index=\"8\" ><div class=\"textwidget custom-html-widget\"><script class=\"nextevent\" type=\"text\/javascript\" src=\"https:\/\/widget-70bc3617df-silbern.nextevent.com\/widget\/embed#src=\/event\/9528ee43-1924-11f1-b3aa-06f8fbbdcf13?margin=0\"><\/script><\/div><\/div><\/div><\/div><\/div>","protected":false},"excerpt":{"rendered":"<p>Reserve um fim de semana para dar passos concretos adiante com o Esp\u00edrito Santo. Permita-se momentos de cuidado e renova\u00e7\u00e3o para corpo, alma e esp\u00edrito no Hotel L\u00e4ndli, acima do lago \u00c4gerisee. Dois dias podem transformar uma vida: no Hotel L\u00e4ndli voc\u00ea conhecer\u00e1 chaves para uma vida em plenitude e para viver a liberdade de [&hellip;]<\/p>\n","protected":false},"author":1,"featured_media":1069,"parent":0,"menu_order":71,"comment_status":"closed","ping_status":"closed","template":"","meta":{"inline_featured_image":false,"footnotes":""},"class_list":["post-407","page","type-page","status-publish","has-post-thumbnail","hentry"],"_links":{"self":[{"href":"https:\/\/www.silbern.church\/pt\/wp-json\/wp\/v2\/pages\/407","targetHints":{"allow":["GET"]}}],"collection":[{"href":"https:\/\/www.silbern.church\/pt\/wp-json\/wp\/v2\/pages"}],"about":[{"href":"https:\/\/www.silbern.church\/pt\/wp-json\/wp\/v2\/types\/page"}],"author":[{"embeddable":true,"href":"https:\/\/www.silbern.church\/pt\/wp-json\/wp\/v2\/users\/1"}],"replies":[{"embeddable":true,"href":"https:\/\/www.silbern.church\/pt\/wp-json\/wp\/v2\/comments?post=407"}],"version-history":[{"count":21,"href":"https:\/\/www.silbern.church\/pt\/wp-json\/wp\/v2\/pages\/407\/revisions"}],"predecessor-version":[{"id":1145,"href":"https:\/\/www.silbern.church\/pt\/wp-json\/wp\/v2\/pages\/407\/revisions\/1145"}],"wp:featuredmedia":[{"embeddable":true,"href":"https:\/\/www.silbern.church\/pt\/wp-json\/"}],"wp:attachment":[{"href":"https:\/\/www.silbern.church\/pt\/wp-json\/wp\/v2\/media?parent=407"}],"curies":[{"name":"wp","href":"https:\/\/api.w.org\/{rel}","templated":true}]}}