{"id":436,"date":"2025-12-29T21:30:43","date_gmt":"2025-12-29T20:30:43","guid":{"rendered":"https:\/\/www.silbern.church\/pt\/?page_id=436"},"modified":"2026-03-30T09:56:50","modified_gmt":"2026-03-30T07:56:50","slug":"conhecer-a-deus","status":"publish","type":"page","link":"https:\/\/www.silbern.church\/pt\/conhecer-a-deus\/","title":{"rendered":"Curso \u00abConhe\u00e7er a Deus\u00bb"},"content":{"rendered":"<div id=\"pl-436\"  class=\"panel-layout\" ><div id=\"pg-436-0\"  class=\"panel-grid panel-no-style\" ><div id=\"pgc-436-0-0\"  class=\"panel-grid-cell\" ><div id=\"panel-436-0-0-0\" class=\"so-panel widget widget_meinechurchcontentspacer-widget panel-first-child panel-last-child\" data-index=\"0\" ><div\n\t\t\t\n\t\t\tclass=\"so-widget-meinechurchcontentspacer-widget so-widget-meinechurchcontentspacer-widget-base\"\n\t\t\t\n\t\t>\n\t<!-- Content spacer div with size-specific CSS class -->\n\t<div class=\"contentspacer-medium\"><\/div>\n<\/div><\/div><\/div><\/div><div id=\"pg-436-1\"  class=\"panel-grid panel-no-style\" ><div id=\"pgc-436-1-0\"  class=\"panel-grid-cell\" ><div id=\"panel-436-1-0-0\" class=\"so-panel widget widget_sow-image panel-first-child\" data-index=\"1\" ><div\n\t\t\t\n\t\t\tclass=\"so-widget-sow-image so-widget-sow-image-default-8b5b6f678277-436\"\n\t\t\t\n\t\t>\n<div class=\"sow-image-container\">\n\t\t<img src=\"data:image\/gif;base64,R0lGODlhAQABAAAAACH5BAEKAAEALAAAAAABAAEAAAICTAEAOw==\" width=\"1920\" height=\"1358\" sizes=\"(max-width: 1920px) 100vw, 1920px\" alt=\"\" class=\"so-widget-image lazyload\" data-src=\"https:\/\/www.silbern.church\/wp-content\/uploads\/2-2.jpg\">\n\t<\/div>\n\n<\/div><\/div><div id=\"panel-436-1-0-1\" class=\"so-panel widget widget_meinechurchcontentspacer-widget panel-last-child\" data-index=\"2\" ><div\n\t\t\t\n\t\t\tclass=\"so-widget-meinechurchcontentspacer-widget so-widget-meinechurchcontentspacer-widget-base\"\n\t\t\t\n\t\t>\n\t<!-- Content spacer div with size-specific CSS class -->\n\t<div class=\"contentspacer-small\"><\/div>\n<\/div><\/div><\/div><div id=\"pgc-436-1-1\"  class=\"panel-grid-cell\" ><div id=\"panel-436-1-1-0\" class=\"so-panel widget widget_sow-editor panel-first-child\" data-index=\"3\" ><div\n\t\t\t\n\t\t\tclass=\"so-widget-sow-editor so-widget-sow-editor-base\"\n\t\t\t\n\t\t>\n<div class=\"siteorigin-widget-tinymce textwidget\">\n\t<p>Como falar com Deus? Como ler a B\u00edblia? O que acontece quando eu convido Jesus para entrar na minha vida? Descobrir\u00e1s tudo isso neste curso que tamb\u00e9m oferece a possibilidade de batismo.<\/p>\n<\/div>\n<\/div><\/div><div id=\"panel-436-1-1-1\" class=\"so-panel widget widget_meinechurchcontentspacer-widget\" data-index=\"4\" ><div\n\t\t\t\n\t\t\tclass=\"so-widget-meinechurchcontentspacer-widget so-widget-meinechurchcontentspacer-widget-base\"\n\t\t\t\n\t\t>\n\t<!-- Content spacer div with size-specific CSS class -->\n\t<div class=\"contentspacer-small\"><\/div>\n<\/div><\/div><div id=\"panel-436-1-1-2\" class=\"so-panel widget widget_sow-editor\" data-index=\"5\" ><div\n\t\t\t\n\t\t\tclass=\"so-widget-sow-editor so-widget-sow-editor-base\"\n\t\t\t\n\t\t><h3 class=\"widget-title\">Datas do curso<\/h3>\n<div class=\"siteorigin-widget-tinymce textwidget\">\n\t<div class=\"siteorigin-widget-tinymce textwidget\">\n<table>\n<tbody>\n<tr>\n<td style=\"background: #eee; font-weight: 600; padding: 0 4px; vertical-align: top;\" nowrap=\"nowrap\">Fechas:<\/td>\n<td style=\"padding: 0 0 0 10px; vertical-align: top;\">18.03.2026, 01.04.2026, 13.05.2026, 17.06.2026<\/td>\n<\/tr>\n<tr>\n<td style=\"background: #eee; font-weight: 600; padding: 0 4px; vertical-align: top;\" nowrap=\"nowrap\">Hor\u00e1rio:<\/td>\n<td style=\"padding: 0 0 0 10px; vertical-align: top;\">19:30 \u2013 21:00 h<\/td>\n<\/tr>\n<tr>\n<td style=\"background: #eee; font-weight: 600; padding: 0 4px; vertical-align: top;\" nowrap=\"nowrap\">Local:<\/td>\n<td style=\"padding: 0 0 0 10px; vertical-align: top;\">Silbern Church<\/td>\n<\/tr>\n<tr>\n<td style=\"background: #eee; font-weight: 600; padding: 0 4px; vertical-align: top;\" nowrap=\"nowrap\">L\u00edder:<\/td>\n<td style=\"padding: 0 0 0 10px; vertical-align: top;\">Esmeralda Benz<\/td>\n<\/tr>\n<tr>\n<td style=\"background: #eee; font-weight: 600; padding: 0 4px; vertical-align: top;\" nowrap=\"nowrap\">Linguagem:<\/td>\n<td style=\"padding: 0 0 0 10px; vertical-align: top;\">DE\/PT\/SP<\/td>\n<\/tr>\n<\/tbody>\n<\/table>\n<p>&nbsp;<\/p>\n<\/div>\n<\/div>\n<\/div><\/div><div id=\"panel-436-1-1-3\" class=\"so-panel widget widget_meinechurchcontentspacer-widget panel-last-child\" data-index=\"6\" ><div\n\t\t\t\n\t\t\tclass=\"so-widget-meinechurchcontentspacer-widget so-widget-meinechurchcontentspacer-widget-base\"\n\t\t\t\n\t\t>\n\t<!-- Content spacer div with size-specific CSS class -->\n\t<div class=\"contentspacer-small\"><\/div>\n<\/div><\/div><\/div><\/div><div id=\"pg-436-2\"  class=\"panel-grid panel-no-style\" ><div id=\"pgc-436-2-0\"  class=\"panel-grid-cell\" ><div id=\"panel-436-2-0-0\" class=\"so-panel widget widget_meinechurchcontentspacer-widget panel-first-child\" data-index=\"7\" ><div\n\t\t\t\n\t\t\tclass=\"so-widget-meinechurchcontentspacer-widget so-widget-meinechurchcontentspacer-widget-base\"\n\t\t\t\n\t\t>\n\t<!-- Content spacer div with size-specific CSS class -->\n\t<div class=\"contentspacer-medium\"><\/div>\n<\/div><\/div><div id=\"panel-436-2-0-1\" class=\"so-panel widget widget_sow-editor\" data-index=\"8\" ><div\n\t\t\t\n\t\t\tclass=\"so-widget-sow-editor so-widget-sow-editor-base\"\n\t\t\t\n\t\t>\n<div class=\"siteorigin-widget-tinymce textwidget\">\n\t<h1 style=\"text-align: center;\">Inscri\u00e7\u00e3o<\/h1>\n<\/div>\n<\/div><\/div><div id=\"panel-436-2-0-2\" class=\"so-panel widget widget_fluentform_widget panel-last-child\" data-index=\"9\" ><div class='fluentform ff-default fluentform_wrapper_12 ffs_default_wrap'><form data-form_id=\"12\" id=\"fluentform_12\" class=\"frm-fluent-form fluent_form_12 ff-el-form-top ff_form_instance_12_1 ff-form-loading ffs_default\" data-form_instance=\"ff_form_instance_12_1\" method=\"POST\" data-turnstile_key=\"0x4AAAAAAB47bGolEO5AEX_M\" ><fieldset  style=\"border: none!important;margin: 0!important;padding: 0!important;background-color: transparent!important;box-shadow: none!important;outline: none!important; min-inline-size: 100%;\">\n                    <legend class=\"ff_screen_reader_title\" style=\"display: block; margin: 0!important;padding: 0!important;height: 0!important;text-indent: -999999px;width: 0!important;overflow:hidden;\">Curso \u00abConhe\u00e7er a Deus\u00bb<\/legend>        <div\n                style=\"display: none!important; position: absolute!important; transform: translateX(1000%)!important;\"\n                class=\"ff-el-group ff-hpsf-container\"\n        >\n            <div class=\"ff-el-input--label asterisk-right\">\n                <label for=\"ff_12_item_sf\" aria-label=\"Updates\">\n                    Updates                <\/label>\n            <\/div>\n            <div class=\"ff-el-input--content\">\n                <input type=\"text\"\n                       name=\"item_12__fluent_sf\"\n                       class=\"ff-el-form-control\"\n                       id=\"ff_12_item_sf\"\n                \/>\n            <\/div>\n        <\/div>\n        <input type='hidden' name='__fluent_form_embded_post_id' value='436' \/><input type=\"hidden\" id=\"_fluentform_12_fluentformnonce\" name=\"_fluentform_12_fluentformnonce\" value=\"9970e8c082\" \/><input type=\"hidden\" name=\"_wp_http_referer\" value=\"\/pt\/wp-json\/wp\/v2\/pages\/436\" \/><div data-name=\"ff_cn_id_1\"  class='ff-t-container ff-column-container ff_columns_total_2 '><div class='ff-t-cell ff-t-column-1' style='flex-basis: 50%;'><div class='ff-el-group'><div class=\"ff-el-input--label ff-el-is-required asterisk-right\"><label for='ff_12_firstname' id='label_ff_12_firstname' >Nome<\/label><\/div><div class='ff-el-input--content'><input type=\"text\" name=\"firstname\" class=\"ff-el-form-control\" placeholder=\"Nome\" data-name=\"firstname\" id=\"ff_12_firstname\"  aria-invalid=\"false\" aria-required=true><\/div><\/div><\/div><div class='ff-t-cell ff-t-column-2' style='flex-basis: 50%;'><div class='ff-el-group'><div class=\"ff-el-input--label ff-el-is-required asterisk-right\"><label for='ff_12_lastname' id='label_ff_12_lastname' >Sobrenome<\/label><\/div><div class='ff-el-input--content'><input type=\"text\" name=\"lastname\" class=\"ff-el-form-control\" placeholder=\"Sobrenome\" data-name=\"lastname\" id=\"ff_12_lastname\"  aria-invalid=\"false\" aria-required=true><\/div><\/div><\/div><\/div><div class='ff-el-group'><div class=\"ff-el-input--label ff-el-is-required asterisk-right\"><label for='ff_12_street' id='label_ff_12_street' aria-label=\"Rua\">Rua<\/label><\/div><div class='ff-el-input--content'><input type=\"text\" name=\"street\" class=\"ff-el-form-control\" data-name=\"street\" id=\"ff_12_street\"  aria-invalid=\"false\" aria-required=true><\/div><\/div><div data-name=\"ff_cn_id_2\"  class='ff-t-container ff-column-container ff_columns_total_2 '><div class='ff-t-cell ff-t-column-1' style='flex-basis: 17.81%;'><div class='ff-el-group'><div class=\"ff-el-input--label ff-el-is-required asterisk-right\"><label for='ff_12_zip' id='label_ff_12_zip' aria-label=\"CEP\">CEP<\/label><\/div><div class='ff-el-input--content'><input type=\"text\" name=\"zip\" class=\"ff-el-form-control\" placeholder=\"CEP\" maxlength=\"8\" data-name=\"zip\" id=\"ff_12_zip\"  aria-invalid=\"false\" aria-required=true><\/div><\/div><\/div><div class='ff-t-cell ff-t-column-2' style='flex-basis: 82.19%;'><div class='ff-el-group'><div class=\"ff-el-input--label ff-el-is-required asterisk-right\"><label for='ff_12_city' id='label_ff_12_city' aria-label=\"Cidade\">Cidade<\/label><\/div><div class='ff-el-input--content'><input type=\"text\" name=\"city\" class=\"ff-el-form-control\" placeholder=\"Port\" data-name=\"city\" id=\"ff_12_city\"  aria-invalid=\"false\" aria-required=true><\/div><\/div><\/div><\/div><div class='ff-el-group'><div class=\"ff-el-input--label ff-el-is-required asterisk-right\"><label for='ff_12_email' id='label_ff_12_email' aria-label=\"Endere\u00e7o de e-mail\">Endere\u00e7o de e-mail<\/label><\/div><div class='ff-el-input--content'><input type=\"email\" name=\"email\" id=\"ff_12_email\" class=\"ff-el-form-control\" placeholder=\"Endere\u00e7o de e-mail\" data-name=\"email\"  aria-invalid=\"false\" aria-required=true><\/div><\/div><div class='ff-el-group'><div class=\"ff-el-input--label ff-el-is-required asterisk-right\"><label for='ff_12_phone' id='label_ff_12_phone' aria-label=\"N\u00famero de telefone\">N\u00famero de telefone<\/label><\/div><div class='ff-el-input--content'><input name=\"phone\" class=\"ff-el-form-control ff-el-phone ff_el_with_extended_validation\" type=\"tel\" placeholder=\"N\u00famero de telefone\" data-name=\"phone\" id=\"ff_12_phone\" inputmode=\"tel\"  aria-invalid='false' aria-required=true><\/div><\/div><div class='ff-el-group'><div class=\"ff-el-input--label asterisk-right\"><label for='ff_12_comments' id='label_ff_12_comments' aria-label=\"Observa\u00e7\u00f5es\">Observa\u00e7\u00f5es<\/label><\/div><div class='ff-el-input--content'><textarea aria-required=\"false\" aria-labelledby=\"label_ff_12_comments\" name=\"comments\" id=\"ff_12_comments\" class=\"ff-el-form-control\" placeholder=\"Observa\u00e7\u00f5es\" rows=\"4\" cols=\"2\" data-name=\"comments\" ><\/textarea><\/div><\/div><div class='ff-el-group ' ><div class='ff-el-input--label'><label>Prote\u00e7\u00e3o anti-spam<\/label><\/div><div class='ff-el-input--content'><div data-fluent_id='12' name='cf-turnstile-response'><div\n\t\tdata-sitekey='0x4AAAAAAB47bGolEO5AEX_M'\n\t\tdata-theme='auto'\n\t\tid='fluentform-turnstile-12-1'\n\t\tclass='ff-el-turnstile cf-turnstile'\n\t\tdata-appearance='always'><\/div><\/div><\/div><\/div><div class='ff-el-group ff-text-left ff_submit_btn_wrapper'><button type=\"submit\" class=\"ff-btn ff-btn-submit ff-btn-md ff_btn_style\"  aria-label=\"Enviar\">Enviar<\/button><\/div><\/fieldset><\/form><div id='fluentform_12_errors' class='ff-errors-in-stack ff_form_instance_12_1 ff-form-loading_errors ff_form_instance_12_1_errors'><\/div><\/div>            <script type=\"text\/javascript\">\n                window.fluent_form_ff_form_instance_12_1 = {\"id\":\"12\",\"ajaxUrl\":\"https:\\\/\\\/www.silbern.church\\\/pt\\\/wp-admin\\\/admin-ajax.php\",\"settings\":{\"layout\":{\"labelPlacement\":\"top\",\"helpMessagePlacement\":\"with_label\",\"errorMessagePlacement\":\"inline\",\"cssClassName\":\"\",\"asteriskPlacement\":\"asterisk-right\"},\"restrictions\":{\"denyEmptySubmission\":{\"enabled\":false}}},\"form_instance\":\"ff_form_instance_12_1\",\"form_id_selector\":\"fluentform_12\",\"rules\":{\"firstname\":{\"required\":{\"value\":true,\"global\":true,\"global_message\":\"Dieses Feld ist erforderlich\"}},\"lastname\":{\"required\":{\"value\":true,\"global\":true,\"global_message\":\"Dieses Feld ist erforderlich\"}},\"street\":{\"required\":{\"value\":true,\"global\":true,\"global_message\":\"Dieses Feld ist erforderlich\"}},\"zip\":{\"required\":{\"value\":true,\"global\":true,\"global_message\":\"Dieses Feld ist erforderlich\"}},\"city\":{\"required\":{\"value\":true,\"global\":true,\"global_message\":\"Dieses Feld ist erforderlich\"}},\"email\":{\"required\":{\"value\":true,\"global\":true,\"global_message\":\"Dieses Feld ist erforderlich\"},\"email\":{\"value\":true,\"global\":true,\"global_message\":\"Dieses Feld muss eine g\\u00fcltige E-Mail-Adresse enthalten\"}},\"phone\":{\"required\":{\"value\":true,\"global\":true,\"global_message\":\"Dieses Feld ist erforderlich\"},\"valid_phone_number\":{\"value\":true,\"global\":true,\"global_message\":\"Ung\\u00fcltige Telefonnummer\"}},\"comments\":{\"required\":{\"value\":false,\"global\":true,\"global_message\":\"Dieses Feld ist erforderlich\"}},\"cf-turnstile-response\":[]},\"debounce_time\":300};\n                            <\/script>\n            <\/div><\/div><\/div><\/div>","protected":false},"excerpt":{"rendered":"<p>Trazendo base s\u00f3lida em seu relacionamento com Deus.<\/p>\n","protected":false},"author":1,"featured_media":1068,"parent":0,"menu_order":70,"comment_status":"closed","ping_status":"closed","template":"","meta":{"inline_featured_image":false,"footnotes":""},"class_list":["post-436","page","type-page","status-publish","has-post-thumbnail","hentry"],"_links":{"self":[{"href":"https:\/\/www.silbern.church\/pt\/wp-json\/wp\/v2\/pages\/436","targetHints":{"allow":["GET"]}}],"collection":[{"href":"https:\/\/www.silbern.church\/pt\/wp-json\/wp\/v2\/pages"}],"about":[{"href":"https:\/\/www.silbern.church\/pt\/wp-json\/wp\/v2\/types\/page"}],"author":[{"embeddable":true,"href":"https:\/\/www.silbern.church\/pt\/wp-json\/wp\/v2\/users\/1"}],"replies":[{"embeddable":true,"href":"https:\/\/www.silbern.church\/pt\/wp-json\/wp\/v2\/comments?post=436"}],"version-history":[{"count":5,"href":"https:\/\/www.silbern.church\/pt\/wp-json\/wp\/v2\/pages\/436\/revisions"}],"predecessor-version":[{"id":1152,"href":"https:\/\/www.silbern.church\/pt\/wp-json\/wp\/v2\/pages\/436\/revisions\/1152"}],"wp:featuredmedia":[{"embeddable":true,"href":"https:\/\/www.silbern.church\/pt\/wp-json\/"}],"wp:attachment":[{"href":"https:\/\/www.silbern.church\/pt\/wp-json\/wp\/v2\/media?parent=436"}],"curies":[{"name":"wp","href":"https:\/\/api.w.org\/{rel}","templated":true}]}}