{"id":467,"date":"2025-12-30T11:35:07","date_gmt":"2025-12-30T10:35:07","guid":{"rendered":"https:\/\/www.silbern.church\/pt\/?page_id=467"},"modified":"2026-01-01T21:43:14","modified_gmt":"2026-01-01T20:43:14","slug":"silbern-kids","status":"publish","type":"page","link":"https:\/\/www.silbern.church\/pt\/silbern-kids\/","title":{"rendered":"Silbern Kids"},"content":{"rendered":"<div id=\"pl-467\"  class=\"panel-layout\" ><div id=\"pg-467-0\"  class=\"panel-grid panel-no-style\" ><div id=\"pgc-467-0-0\"  class=\"panel-grid-cell\" ><div id=\"panel-467-0-0-0\" class=\"so-panel widget widget_meinechurchcontentspacer-widget panel-first-child panel-last-child\" data-index=\"0\" ><div\n\t\t\t\n\t\t\tclass=\"so-widget-meinechurchcontentspacer-widget so-widget-meinechurchcontentspacer-widget-base\"\n\t\t\t\n\t\t>\n\t<!-- Content spacer div with size-specific CSS class -->\n\t<div class=\"contentspacer-small\"><\/div>\n<\/div><\/div><\/div><\/div><div id=\"pg-467-1\"  class=\"panel-grid panel-no-style\" ><div id=\"pgc-467-1-0\"  class=\"panel-grid-cell\" ><div id=\"panel-467-1-0-0\" class=\"so-panel widget widget_sow-image panel-first-child\" data-index=\"1\" ><div\n\t\t\t\n\t\t\tclass=\"so-widget-sow-image so-widget-sow-image-default-c67d20f9f743-467\"\n\t\t\t\n\t\t>\n<div class=\"sow-image-container\">\n\t\t<img src=\"data:image\/gif;base64,R0lGODlhAQABAAAAACH5BAEKAAEALAAAAAABAAEAAAICTAEAOw==\" width=\"306\" height=\"229\" sizes=\"(max-width: 306px) 100vw, 306px\" alt=\"\" class=\"so-widget-image lazyload\" data-src=\"https:\/\/www.silbern.church\/wp-content\/uploads\/silbern-kids.png\">\n\t<\/div>\n\n<\/div><\/div><div id=\"panel-467-1-0-1\" class=\"so-panel widget widget_meinechurchcontentspacer-widget panel-last-child\" data-index=\"2\" ><div\n\t\t\t\n\t\t\tclass=\"so-widget-meinechurchcontentspacer-widget so-widget-meinechurchcontentspacer-widget-base\"\n\t\t\t\n\t\t>\n\t<!-- Content spacer div with size-specific CSS class -->\n\t<div class=\"contentspacer-small\"><\/div>\n<\/div><\/div><\/div><\/div><div id=\"pg-467-2\"  class=\"panel-grid panel-no-style\" ><div id=\"pgc-467-2-0\"  class=\"panel-grid-cell\" ><div id=\"panel-467-2-0-0\" class=\"so-panel widget widget_sow-image panel-first-child\" data-index=\"3\" ><div\n\t\t\t\n\t\t\tclass=\"so-widget-sow-image so-widget-sow-image-default-8b5b6f678277-467\"\n\t\t\t\n\t\t>\n<div class=\"sow-image-container\">\n\t\t<img src=\"data:image\/gif;base64,R0lGODlhAQABAAAAACH5BAEKAAEALAAAAAABAAEAAAICTAEAOw==\" width=\"1920\" height=\"1080\" sizes=\"(max-width: 1920px) 100vw, 1920px\" alt=\"\" class=\"so-widget-image lazyload\" data-src=\"https:\/\/www.silbern.church\/wp-content\/uploads\/kinderhuete.jpg\">\n\t<\/div>\n\n<\/div><\/div><div id=\"panel-467-2-0-1\" class=\"so-panel widget widget_meinechurchcontentspacer-widget panel-last-child\" data-index=\"4\" ><div\n\t\t\t\n\t\t\tclass=\"so-widget-meinechurchcontentspacer-widget so-widget-meinechurchcontentspacer-widget-base\"\n\t\t\t\n\t\t>\n\t<!-- Content spacer div with size-specific CSS class -->\n\t<div class=\"contentspacer-small\"><\/div>\n<\/div><\/div><\/div><div id=\"pgc-467-2-1\"  class=\"panel-grid-cell\" ><div id=\"panel-467-2-1-0\" class=\"so-panel widget widget_sow-editor panel-first-child\" data-index=\"5\" ><div\n\t\t\t\n\t\t\tclass=\"so-widget-sow-editor so-widget-sow-editor-base\"\n\t\t\t\n\t\t><h3 class=\"widget-title\">Ber\u00e7\u00e1rios (de 0 a 2 anos)<\/h3>\n<div class=\"siteorigin-widget-tinymce textwidget\">\n\t<div class=\"siteorigin-widget-tinymce textwidget\">\n<p>Os beb\u00eas podem ser entregues desde o nascimento nos Ber\u00e7\u00e1rios. Os obreiros respons\u00e1veis cuidar\u00e3o amorosamente dos pequenos passando assim o amor de Deus.<\/p>\n<\/div>\n<\/div>\n<\/div><\/div><div id=\"panel-467-2-1-1\" class=\"so-panel widget widget_sow-button panel-last-child\" data-index=\"6\" ><div\n\t\t\t\n\t\t\tclass=\"so-widget-sow-button so-widget-sow-button-flat-66466acb9e12-467\"\n\t\t\t\n\t\t><div class=\"ow-button-base ow-button-align-center\"\n>\n\t\t\t<a\n\t\t\t\t\thref=\"\/wp-content\/uploads\/silbern_kids-elterninfo.pdf\"\n\t\t\t\t\tclass=\"sowb-button ow-icon-placement-left ow-button-hover\" target=\"_blank\" rel=\"noopener noreferrer\" download=\"\" \t>\n\t\t<span>\n\t\t\t\n\t\t\tDownload do folheto (alem\u00e3o)\t\t<\/span>\n\t\t\t<\/a>\n\t<\/div>\n<\/div><\/div><\/div><\/div><div id=\"pg-467-3\"  class=\"panel-grid panel-no-style\" ><div id=\"pgc-467-3-0\"  class=\"panel-grid-cell\" ><div id=\"panel-467-3-0-0\" class=\"so-panel widget widget_sow-image panel-first-child\" data-index=\"7\" ><div\n\t\t\t\n\t\t\tclass=\"so-widget-sow-image so-widget-sow-image-default-8b5b6f678277-467\"\n\t\t\t\n\t\t>\n<div class=\"sow-image-container\">\n\t\t<img src=\"data:image\/gif;base64,R0lGODlhAQABAAAAACH5BAEKAAEALAAAAAABAAEAAAICTAEAOw==\" width=\"1920\" height=\"1080\" sizes=\"(max-width: 1920px) 100vw, 1920px\" alt=\"\" class=\"so-widget-image lazyload\" data-src=\"https:\/\/www.silbern.church\/wp-content\/uploads\/mini-kindergottesdienst.jpg\">\n\t<\/div>\n\n<\/div><\/div><div id=\"panel-467-3-0-1\" class=\"so-panel widget widget_meinechurchcontentspacer-widget panel-last-child\" data-index=\"8\" ><div\n\t\t\t\n\t\t\tclass=\"so-widget-meinechurchcontentspacer-widget so-widget-meinechurchcontentspacer-widget-base\"\n\t\t\t\n\t\t>\n\t<!-- Content spacer div with size-specific CSS class -->\n\t<div class=\"contentspacer-small\"><\/div>\n<\/div><\/div><\/div><div id=\"pgc-467-3-1\"  class=\"panel-grid-cell\" ><div id=\"panel-467-3-1-0\" class=\"so-panel widget widget_sow-editor panel-first-child panel-last-child\" data-index=\"9\" ><div\n\t\t\t\n\t\t\tclass=\"so-widget-sow-editor so-widget-sow-editor-base\"\n\t\t\t\n\t\t><h3 class=\"widget-title\">Mini-Culto das crian\u00e7as (dos 3 anos at\u00e9 o 2. Jardim de inf\u00e2ncia)<\/h3>\n<div class=\"siteorigin-widget-tinymce textwidget\">\n\t<div class=\"siteorigin-widget-tinymce textwidget\">Com can\u00e7\u00f5es simples e muito movimento as crian\u00e7as escultam emocionantes hist\u00f3rias b\u00edblicas atrav\u00e9s das quais eles conhecem a Deus como um pai amoroso e amigo fiel. Nas brincadeiras e na a\u00e7\u00f5es eles fazem amigos.<\/div>\n<\/div>\n<\/div><\/div><\/div><\/div><div id=\"pg-467-4\"  class=\"panel-grid panel-no-style\" ><div id=\"pgc-467-4-0\"  class=\"panel-grid-cell\" ><div id=\"panel-467-4-0-0\" class=\"so-panel widget widget_sow-image panel-first-child\" data-index=\"10\" ><div\n\t\t\t\n\t\t\tclass=\"so-widget-sow-image so-widget-sow-image-default-8b5b6f678277-467\"\n\t\t\t\n\t\t>\n<div class=\"sow-image-container\">\n\t\t<img src=\"data:image\/gif;base64,R0lGODlhAQABAAAAACH5BAEKAAEALAAAAAABAAEAAAICTAEAOw==\" width=\"1920\" height=\"1080\" sizes=\"(max-width: 1920px) 100vw, 1920px\" alt=\"\" class=\"so-widget-image lazyload\" data-src=\"https:\/\/www.silbern.church\/wp-content\/uploads\/kindergottesdienst.jpg\">\n\t<\/div>\n\n<\/div><\/div><div id=\"panel-467-4-0-1\" class=\"so-panel widget widget_meinechurchcontentspacer-widget panel-last-child\" data-index=\"11\" ><div\n\t\t\t\n\t\t\tclass=\"so-widget-meinechurchcontentspacer-widget so-widget-meinechurchcontentspacer-widget-base\"\n\t\t\t\n\t\t>\n\t<!-- Content spacer div with size-specific CSS class -->\n\t<div class=\"contentspacer-small\"><\/div>\n<\/div><\/div><\/div><div id=\"pgc-467-4-1\"  class=\"panel-grid-cell\" ><div id=\"panel-467-4-1-0\" class=\"so-panel widget widget_sow-editor panel-first-child panel-last-child\" data-index=\"12\" ><div\n\t\t\t\n\t\t\tclass=\"so-widget-sow-editor so-widget-sow-editor-base\"\n\t\t\t\n\t\t><h3 class=\"widget-title\">Culto infantil (Da 1\u00aa a 5\u00aa s\u00e9rie)<\/h3>\n<div class=\"siteorigin-widget-tinymce textwidget\">\n\t<div class=\"siteorigin-widget-tinymce textwidget\">As crian\u00e7as louvam a Deus com m\u00fasicas e escultam as mensagens da B\u00edblia de forma criativa e realista. Eles conhecem a Deus, fazem amigos entre eles e descobrem o que Deus criou para eles. A divers\u00e3o e brincadeiras tamb\u00e9m s\u00e3o feitas.<\/div>\n<\/div>\n<\/div><\/div><\/div><\/div><div id=\"pg-467-5\"  class=\"panel-grid panel-no-style\" ><div id=\"pgc-467-5-0\"  class=\"panel-grid-cell\" ><div id=\"panel-467-5-0-0\" class=\"so-panel widget widget_sow-image panel-first-child\" data-index=\"13\" ><div\n\t\t\t\n\t\t\tclass=\"so-widget-sow-image so-widget-sow-image-default-8b5b6f678277-467\"\n\t\t\t\n\t\t>\n<div class=\"sow-image-container\">\n\t\t<img src=\"data:image\/gif;base64,R0lGODlhAQABAAAAACH5BAEKAAEALAAAAAABAAEAAAICTAEAOw==\" width=\"1920\" height=\"1080\" sizes=\"(max-width: 1920px) 100vw, 1920px\" alt=\"\" class=\"so-widget-image lazyload\" data-src=\"https:\/\/www.silbern.church\/wp-content\/uploads\/kindersegnung.jpg\">\n\t<\/div>\n\n<\/div><\/div><div id=\"panel-467-5-0-1\" class=\"so-panel widget widget_meinechurchcontentspacer-widget panel-last-child\" data-index=\"14\" ><div\n\t\t\t\n\t\t\tclass=\"so-widget-meinechurchcontentspacer-widget so-widget-meinechurchcontentspacer-widget-base\"\n\t\t\t\n\t\t>\n\t<!-- Content spacer div with size-specific CSS class -->\n\t<div class=\"contentspacer-small\"><\/div>\n<\/div><\/div><\/div><div id=\"pgc-467-5-1\"  class=\"panel-grid-cell\" ><div id=\"panel-467-5-1-0\" class=\"so-panel widget widget_sow-editor panel-first-child\" data-index=\"15\" ><div\n\t\t\t\n\t\t\tclass=\"so-widget-sow-editor so-widget-sow-editor-base\"\n\t\t\t\n\t\t><h3 class=\"widget-title\">Apresenta\u00e7\u00e3o de Crian\u00e7as<\/h3>\n<div class=\"siteorigin-widget-tinymce textwidget\">\n\t<div class=\"siteorigin-widget-tinymce textwidget\">Quando o nosso culto estiver um pouco agitado e voc\u00ea escutar express\u00f5es como \u201cAi que fofinho, que gracinha!\u201d, quando todos estiverem descontra\u00eddos e felizes, ent\u00e3o estamos realizando o culto da apresenta\u00e7\u00e3o de crian\u00e7as! Jesus tomou as crian\u00e7as e as aben\u00e7oou porque elas eram importantes para Ele! Em nossa igreja as crian\u00e7as s\u00e3o bem-vindas, portanto queremos aben\u00e7o\u00e1-las.<\/div>\n<\/div>\n<\/div><\/div><div id=\"panel-467-5-1-1\" class=\"so-panel widget widget_meinechurchcontentspacer-widget\" data-index=\"16\" ><div\n\t\t\t\n\t\t\tclass=\"so-widget-meinechurchcontentspacer-widget so-widget-meinechurchcontentspacer-widget-base\"\n\t\t\t\n\t\t>\n\t<!-- Content spacer div with size-specific CSS class -->\n\t<div class=\"contentspacer-small\"><\/div>\n<\/div><\/div><div id=\"panel-467-5-1-2\" class=\"so-panel widget widget_sow-button panel-last-child\" data-index=\"17\" ><div\n\t\t\t\n\t\t\tclass=\"so-widget-sow-button so-widget-sow-button-flat-66466acb9e12-467\"\n\t\t\t\n\t\t><div class=\"ow-button-base ow-button-align-center\"\n>\n\t\t\t<a\n\t\t\t\t\thref=\"https:\/\/www.silbern.church\/pt\/contato\/\"\n\t\t\t\t\tclass=\"sowb-button ow-icon-placement-left ow-button-hover\" \t>\n\t\t<span>\n\t\t\t\n\t\t\tContato\t\t<\/span>\n\t\t\t<\/a>\n\t<\/div>\n<\/div><\/div><\/div><\/div><\/div>","protected":false},"excerpt":{"rendered":"<p>A igreja para Crian\u00e7as.<\/p>\n","protected":false},"author":1,"featured_media":475,"parent":0,"menu_order":60,"comment_status":"closed","ping_status":"closed","template":"","meta":{"inline_featured_image":false,"footnotes":""},"class_list":["post-467","page","type-page","status-publish","has-post-thumbnail","hentry"],"_links":{"self":[{"href":"https:\/\/www.silbern.church\/pt\/wp-json\/wp\/v2\/pages\/467","targetHints":{"allow":["GET"]}}],"collection":[{"href":"https:\/\/www.silbern.church\/pt\/wp-json\/wp\/v2\/pages"}],"about":[{"href":"https:\/\/www.silbern.church\/pt\/wp-json\/wp\/v2\/types\/page"}],"author":[{"embeddable":true,"href":"https:\/\/www.silbern.church\/pt\/wp-json\/wp\/v2\/users\/1"}],"replies":[{"embeddable":true,"href":"https:\/\/www.silbern.church\/pt\/wp-json\/wp\/v2\/comments?post=467"}],"version-history":[{"count":0,"href":"https:\/\/www.silbern.church\/pt\/wp-json\/wp\/v2\/pages\/467\/revisions"}],"wp:featuredmedia":[{"embeddable":true,"href":"https:\/\/www.silbern.church\/pt\/wp-json\/"}],"wp:attachment":[{"href":"https:\/\/www.silbern.church\/pt\/wp-json\/wp\/v2\/media?parent=467"}],"curies":[{"name":"wp","href":"https:\/\/api.w.org\/{rel}","templated":true}]}}