{"id":558,"date":"2025-12-30T16:36:22","date_gmt":"2025-12-30T15:36:22","guid":{"rendered":"https:\/\/www.silbern.church\/pt\/?page_id=558"},"modified":"2026-03-30T09:57:48","modified_gmt":"2026-03-30T07:57:48","slug":"descobrir-meu-chamado","status":"publish","type":"page","link":"https:\/\/www.silbern.church\/pt\/descobrir-meu-chamado\/","title":{"rendered":"Curso \u00abDescobrir meu chamado\u00bb"},"content":{"rendered":"<div id=\"pl-558\"  class=\"panel-layout\" ><div id=\"pg-558-0\"  class=\"panel-grid panel-no-style\" ><div id=\"pgc-558-0-0\"  class=\"panel-grid-cell\" ><div id=\"panel-558-0-0-0\" class=\"so-panel widget widget_meinechurchcontentspacer-widget panel-first-child panel-last-child\" data-index=\"0\" ><div\n\t\t\t\n\t\t\tclass=\"so-widget-meinechurchcontentspacer-widget so-widget-meinechurchcontentspacer-widget-base\"\n\t\t\t\n\t\t>\n\t<!-- Content spacer div with size-specific CSS class -->\n\t<div class=\"contentspacer-medium\"><\/div>\n<\/div><\/div><\/div><\/div><div id=\"pg-558-1\"  class=\"panel-grid panel-no-style\" ><div id=\"pgc-558-1-0\"  class=\"panel-grid-cell\" ><div id=\"panel-558-1-0-0\" class=\"so-panel widget widget_sow-image panel-first-child\" data-index=\"1\" ><div\n\t\t\t\n\t\t\tclass=\"so-widget-sow-image so-widget-sow-image-default-8b5b6f678277-558\"\n\t\t\t\n\t\t>\n<div class=\"sow-image-container\">\n\t\t<img src=\"data:image\/gif;base64,R0lGODlhAQABAAAAACH5BAEKAAEALAAAAAABAAEAAAICTAEAOw==\" width=\"1920\" height=\"1358\" sizes=\"(max-width: 1920px) 100vw, 1920px\" alt=\"\" class=\"so-widget-image lazyload\" data-src=\"https:\/\/www.silbern.church\/wp-content\/uploads\/3-1.jpg\">\n\t<\/div>\n\n<\/div><\/div><div id=\"panel-558-1-0-1\" class=\"so-panel widget widget_meinechurchcontentspacer-widget panel-last-child\" data-index=\"2\" ><div\n\t\t\t\n\t\t\tclass=\"so-widget-meinechurchcontentspacer-widget so-widget-meinechurchcontentspacer-widget-base\"\n\t\t\t\n\t\t>\n\t<!-- Content spacer div with size-specific CSS class -->\n\t<div class=\"contentspacer-small\"><\/div>\n<\/div><\/div><\/div><div id=\"pgc-558-1-1\"  class=\"panel-grid-cell\" ><div id=\"panel-558-1-1-0\" class=\"so-panel widget widget_sow-editor panel-first-child\" data-index=\"3\" ><div\n\t\t\t\n\t\t\tclass=\"so-widget-sow-editor so-widget-sow-editor-base\"\n\t\t\t\n\t\t>\n<div class=\"siteorigin-widget-tinymce textwidget\">\n\t<p>Quais dons Deus me deu? Por que a Igreja precisa de mim e vice-versa? Voc\u00ea descobrir\u00e1 neste curso, que tamb\u00e9m inclui um teste de perfil e um dia de avalia\u00e7\u00e3o.<\/p>\n<\/div>\n<\/div><\/div><div id=\"panel-558-1-1-1\" class=\"so-panel widget widget_meinechurchcontentspacer-widget\" data-index=\"4\" ><div\n\t\t\t\n\t\t\tclass=\"so-widget-meinechurchcontentspacer-widget so-widget-meinechurchcontentspacer-widget-base\"\n\t\t\t\n\t\t>\n\t<!-- Content spacer div with size-specific CSS class -->\n\t<div class=\"contentspacer-small\"><\/div>\n<\/div><\/div><div id=\"panel-558-1-1-2\" class=\"so-panel widget widget_sow-editor panel-last-child\" data-index=\"5\" ><div\n\t\t\t\n\t\t\tclass=\"so-widget-sow-editor so-widget-sow-editor-base\"\n\t\t\t\n\t\t><h3 class=\"widget-title\">Datas do curso<\/h3>\n<div class=\"siteorigin-widget-tinymce textwidget\">\n\t<table>\n<tbody>\n<tr>\n<td style=\"background: #eee; font-weight: 600; padding: 0 4px; vertical-align: top;\" nowrap=\"nowrap\">Fechas:<\/td>\n<td style=\"padding: 0 0 0 10px; vertical-align: top;\">18.03. | 01.04. | 13.05. | 17.06.2026<\/td>\n<\/tr>\n<tr>\n<td style=\"background: #eee; font-weight: 600; padding: 0 4px; vertical-align: top;\" nowrap=\"nowrap\">Hor\u00e1rio:<\/td>\n<td style=\"padding: 0 0 0 10px; vertical-align: top;\">19:30 \u2013 20:30 h<\/td>\n<\/tr>\n<tr>\n<td style=\"background: #eee; font-weight: 600; padding: 0 4px; vertical-align: top;\" nowrap=\"nowrap\">Lugar:<\/td>\n<td style=\"padding: 0 0 0 10px; vertical-align: top;\">Silbern Church<\/td>\n<\/tr>\n<tr>\n<td style=\"background: #eee; font-weight: 600; padding: 0 4px; vertical-align: top;\" nowrap=\"nowrap\">L\u00edder:<\/td>\n<td style=\"padding: 0 0 0 10px; vertical-align: top;\">Filomena Cherti<\/td>\n<\/tr>\n<tr>\n<td style=\"background: #eee; font-weight: 600; padding: 0 4px; vertical-align: top;\" nowrap=\"nowrap\">Linguagem:<\/td>\n<td style=\"padding: 0 0 0 10px; vertical-align: top;\">DE\/PT\/SP<\/td>\n<\/tr>\n<\/tbody>\n<\/table>\n<p>&nbsp;<\/p>\n<\/div>\n<\/div><\/div><\/div><\/div><div id=\"pg-558-2\"  class=\"panel-grid panel-no-style\" ><div id=\"pgc-558-2-0\"  class=\"panel-grid-cell\" ><div id=\"panel-558-2-0-0\" class=\"so-panel widget widget_meinechurchcontentspacer-widget panel-first-child\" data-index=\"6\" ><div\n\t\t\t\n\t\t\tclass=\"so-widget-meinechurchcontentspacer-widget so-widget-meinechurchcontentspacer-widget-base\"\n\t\t\t\n\t\t>\n\t<!-- Content spacer div with size-specific CSS class -->\n\t<div class=\"contentspacer-medium\"><\/div>\n<\/div><\/div><div id=\"panel-558-2-0-1\" class=\"so-panel widget widget_sow-editor\" data-index=\"7\" ><div\n\t\t\t\n\t\t\tclass=\"so-widget-sow-editor so-widget-sow-editor-base\"\n\t\t\t\n\t\t>\n<div class=\"siteorigin-widget-tinymce textwidget\">\n\t<h1 style=\"text-align: center;\">Inscri\u00e7\u00e3o<\/h1>\n<\/div>\n<\/div><\/div><div id=\"panel-558-2-0-2\" class=\"so-panel widget widget_fluentform_widget panel-last-child\" data-index=\"8\" ><div class='fluentform ff-default fluentform_wrapper_14 ffs_default_wrap'><form data-form_id=\"14\" id=\"fluentform_14\" class=\"frm-fluent-form fluent_form_14 ff-el-form-top ff_form_instance_14_1 ff-form-loading ffs_default\" data-form_instance=\"ff_form_instance_14_1\" method=\"POST\" data-turnstile_key=\"0x4AAAAAAB47bGolEO5AEX_M\" ><fieldset  style=\"border: none!important;margin: 0!important;padding: 0!important;background-color: transparent!important;box-shadow: none!important;outline: none!important; min-inline-size: 100%;\">\n                    <legend class=\"ff_screen_reader_title\" style=\"display: block; margin: 0!important;padding: 0!important;height: 0!important;text-indent: -999999px;width: 0!important;overflow:hidden;\">Curso \u00abDescobrir meu chamado\u00bb<\/legend>        <div\n                style=\"display: none!important; position: absolute!important; transform: translateX(1000%)!important;\"\n                class=\"ff-el-group ff-hpsf-container\"\n        >\n            <div class=\"ff-el-input--label asterisk-right\">\n                <label for=\"ff_14_item_sf\" aria-label=\"Contact\">\n                    Contact                <\/label>\n            <\/div>\n            <div class=\"ff-el-input--content\">\n                <input type=\"text\"\n                       name=\"item_14__fluent_sf\"\n                       class=\"ff-el-form-control\"\n                       id=\"ff_14_item_sf\"\n                \/>\n            <\/div>\n        <\/div>\n        <input type='hidden' name='__fluent_form_embded_post_id' value='558' \/><input type=\"hidden\" id=\"_fluentform_14_fluentformnonce\" name=\"_fluentform_14_fluentformnonce\" value=\"9970e8c082\" \/><input type=\"hidden\" name=\"_wp_http_referer\" value=\"\/pt\/wp-json\/wp\/v2\/pages\/558\" \/><div data-name=\"ff_cn_id_1\"  class='ff-t-container ff-column-container ff_columns_total_2 '><div class='ff-t-cell ff-t-column-1' style='flex-basis: 50%;'><div class='ff-el-group'><div class=\"ff-el-input--label ff-el-is-required asterisk-right\"><label for='ff_14_firstname' id='label_ff_14_firstname' >Nome<\/label><\/div><div class='ff-el-input--content'><input type=\"text\" name=\"firstname\" class=\"ff-el-form-control\" placeholder=\"Nome\" data-name=\"firstname\" id=\"ff_14_firstname\"  aria-invalid=\"false\" aria-required=true><\/div><\/div><\/div><div class='ff-t-cell ff-t-column-2' style='flex-basis: 50%;'><div class='ff-el-group'><div class=\"ff-el-input--label ff-el-is-required asterisk-right\"><label for='ff_14_lastname' id='label_ff_14_lastname' >Sobrenome<\/label><\/div><div class='ff-el-input--content'><input type=\"text\" name=\"lastname\" class=\"ff-el-form-control\" placeholder=\"Sobrenome\" data-name=\"lastname\" id=\"ff_14_lastname\"  aria-invalid=\"false\" aria-required=true><\/div><\/div><\/div><\/div><div class='ff-el-group'><div class=\"ff-el-input--label ff-el-is-required asterisk-right\"><label for='ff_14_street' id='label_ff_14_street' aria-label=\"Rua\">Rua<\/label><\/div><div class='ff-el-input--content'><input type=\"text\" name=\"street\" class=\"ff-el-form-control\" data-name=\"street\" id=\"ff_14_street\"  aria-invalid=\"false\" aria-required=true><\/div><\/div><div data-name=\"ff_cn_id_2\"  class='ff-t-container ff-column-container ff_columns_total_2 '><div class='ff-t-cell ff-t-column-1' style='flex-basis: 17.81%;'><div class='ff-el-group'><div class=\"ff-el-input--label ff-el-is-required asterisk-right\"><label for='ff_14_zip' id='label_ff_14_zip' aria-label=\"CEP\">CEP<\/label><\/div><div class='ff-el-input--content'><input type=\"text\" name=\"zip\" class=\"ff-el-form-control\" placeholder=\"CEP\" maxlength=\"8\" data-name=\"zip\" id=\"ff_14_zip\"  aria-invalid=\"false\" aria-required=true><\/div><\/div><\/div><div class='ff-t-cell ff-t-column-2' style='flex-basis: 82.19%;'><div class='ff-el-group'><div class=\"ff-el-input--label ff-el-is-required asterisk-right\"><label for='ff_14_city' id='label_ff_14_city' aria-label=\"Cidade\">Cidade<\/label><\/div><div class='ff-el-input--content'><input type=\"text\" name=\"city\" class=\"ff-el-form-control\" placeholder=\"Port\" data-name=\"city\" id=\"ff_14_city\"  aria-invalid=\"false\" aria-required=true><\/div><\/div><\/div><\/div><div class='ff-el-group'><div class=\"ff-el-input--label ff-el-is-required asterisk-right\"><label for='ff_14_email' id='label_ff_14_email' aria-label=\"Endere\u00e7o de e-mail\">Endere\u00e7o de e-mail<\/label><\/div><div class='ff-el-input--content'><input type=\"email\" name=\"email\" id=\"ff_14_email\" class=\"ff-el-form-control\" placeholder=\"Endere\u00e7o de e-mail\" data-name=\"email\"  aria-invalid=\"false\" aria-required=true><\/div><\/div><div class='ff-el-group'><div class=\"ff-el-input--label ff-el-is-required asterisk-right\"><label for='ff_14_phone' id='label_ff_14_phone' aria-label=\"N\u00famero de telefone\">N\u00famero de telefone<\/label><\/div><div class='ff-el-input--content'><input name=\"phone\" class=\"ff-el-form-control ff-el-phone ff_el_with_extended_validation\" type=\"tel\" placeholder=\"N\u00famero de telefone\" data-name=\"phone\" id=\"ff_14_phone\" inputmode=\"tel\"  aria-invalid='false' aria-required=true><\/div><\/div><div class='ff-el-group'><div class=\"ff-el-input--label asterisk-right\"><label for='ff_14_small_group' id='label_ff_14_small_group' aria-label=\"Estou participando do seguinte pequeno grupo\">Estou participando do seguinte pequeno grupo<\/label><div class=\"ff-el-tooltip\" data-content=\"A participa\u00e7\u00e3o em um grupo pequeno n\u00e3o \u00e9 pr\u00e9-requisito para o curso.\"><svg width=\"16\" height=\"16\" viewBox=\"0 0 25 25\"><path d=\"m329 393l0-46c0-2-1-4-2-6-2-2-4-3-7-3l-27 0 0-146c0-3-1-5-3-7-2-1-4-2-7-2l-91 0c-3 0-5 1-7 2-1 2-2 4-2 7l0 46c0 2 1 5 2 6 2 2 4 3 7 3l27 0 0 91-27 0c-3 0-5 1-7 3-1 2-2 4-2 6l0 46c0 3 1 5 2 7 2 1 4 2 7 2l128 0c3 0 5-1 7-2 1-2 2-4 2-7z m-36-256l0-46c0-2-1-4-3-6-2-2-4-3-7-3l-54 0c-3 0-5 1-7 3-2 2-3 4-3 6l0 46c0 3 1 5 3 7 2 1 4 2 7 2l54 0c3 0 5-1 7-2 2-2 3-4 3-7z m182 119c0 40-9 77-29 110-20 34-46 60-80 80-33 20-70 29-110 29-40 0-77-9-110-29-34-20-60-46-80-80-20-33-29-70-29-110 0-40 9-77 29-110 20-34 46-60 80-80 33-20 70-29 110-29 40 0 77 9 110 29 34 20 60 46 80 80 20 33 29 70 29 110z\" transform=\"scale(0.046875 0.046875)\"><\/path><\/svg><\/div><\/div><div class='ff-el-input--content'><input type=\"text\" name=\"small_group\" class=\"ff-el-form-control\" data-name=\"small_group\" id=\"ff_14_small_group\"  aria-invalid=\"false\" aria-required=false><\/div><\/div><div class='ff-el-group'><div class=\"ff-el-input--label asterisk-right\"><label for='ff_14_comments' id='label_ff_14_comments' aria-label=\"Observa\u00e7\u00f5es\">Observa\u00e7\u00f5es<\/label><\/div><div class='ff-el-input--content'><textarea aria-required=\"false\" aria-labelledby=\"label_ff_14_comments\" name=\"comments\" id=\"ff_14_comments\" class=\"ff-el-form-control\" placeholder=\"Observa\u00e7\u00f5es\" rows=\"4\" cols=\"2\" data-name=\"comments\" ><\/textarea><\/div><\/div><div class='ff-el-group ' ><div class='ff-el-input--label'><label>Prote\u00e7\u00e3o anti-spam<\/label><\/div><div class='ff-el-input--content'><div data-fluent_id='14' name='cf-turnstile-response'><div\n\t\tdata-sitekey='0x4AAAAAAB47bGolEO5AEX_M'\n\t\tdata-theme='auto'\n\t\tid='fluentform-turnstile-14-1'\n\t\tclass='ff-el-turnstile cf-turnstile'\n\t\tdata-appearance='always'><\/div><\/div><\/div><\/div><div class='ff-el-group ff-text-left ff_submit_btn_wrapper'><button type=\"submit\" class=\"ff-btn ff-btn-submit ff-btn-md ff_btn_style\"  aria-label=\"Enviar\">Enviar<\/button><\/div><\/fieldset><\/form><div id='fluentform_14_errors' class='ff-errors-in-stack ff_form_instance_14_1 ff-form-loading_errors ff_form_instance_14_1_errors'><\/div><\/div>            <script type=\"text\/javascript\">\n                window.fluent_form_ff_form_instance_14_1 = {\"id\":\"14\",\"ajaxUrl\":\"https:\\\/\\\/www.silbern.church\\\/pt\\\/wp-admin\\\/admin-ajax.php\",\"settings\":{\"layout\":{\"labelPlacement\":\"top\",\"helpMessagePlacement\":\"with_label\",\"errorMessagePlacement\":\"inline\",\"cssClassName\":\"\",\"asteriskPlacement\":\"asterisk-right\"},\"restrictions\":{\"denyEmptySubmission\":{\"enabled\":false}}},\"form_instance\":\"ff_form_instance_14_1\",\"form_id_selector\":\"fluentform_14\",\"rules\":{\"firstname\":{\"required\":{\"value\":true,\"global\":true,\"global_message\":\"Dieses Feld ist erforderlich\"}},\"lastname\":{\"required\":{\"value\":true,\"global\":true,\"global_message\":\"Dieses Feld ist erforderlich\"}},\"street\":{\"required\":{\"value\":true,\"global\":true,\"global_message\":\"Dieses Feld ist erforderlich\"}},\"zip\":{\"required\":{\"value\":true,\"global\":true,\"global_message\":\"Dieses Feld ist erforderlich\"}},\"city\":{\"required\":{\"value\":true,\"global\":true,\"global_message\":\"Dieses Feld ist erforderlich\"}},\"email\":{\"required\":{\"value\":true,\"global\":true,\"global_message\":\"Dieses Feld ist erforderlich\"},\"email\":{\"value\":true,\"global\":true,\"global_message\":\"Dieses Feld muss eine g\\u00fcltige E-Mail-Adresse enthalten\"}},\"phone\":{\"required\":{\"value\":true,\"global\":true,\"global_message\":\"Dieses Feld ist erforderlich\"},\"valid_phone_number\":{\"value\":true,\"global\":true,\"global_message\":\"Ung\\u00fcltige Telefonnummer\"}},\"small_group\":{\"required\":{\"value\":false,\"global\":true,\"global_message\":\"Dieses Feld ist erforderlich\"}},\"comments\":{\"required\":{\"value\":false,\"global\":false,\"global_message\":\"Dieses Feld ist erforderlich\"}},\"cf-turnstile-response\":[]},\"debounce_time\":300};\n                            <\/script>\n            <\/div><\/div><\/div><\/div>","protected":false},"excerpt":{"rendered":"<p>Quais dons Deus me deu? Por que a Igreja precisa de mim e vice-versa? Voc\u00ea descobrir\u00e1 neste curso, que tamb\u00e9m inclui um teste de perfil e um dia de avalia\u00e7\u00e3o. Fechas: 18.03. | 01.04. | 13.05. | 17.06.2026 Hor\u00e1rio: 19:30 \u2013 20:30 h Lugar: Silbern Church L\u00edder: Filomena Cherti Linguagem: DE\/PT\/SP &nbsp;<\/p>\n","protected":false},"author":1,"featured_media":1072,"parent":0,"menu_order":72,"comment_status":"closed","ping_status":"closed","template":"","meta":{"inline_featured_image":false,"footnotes":""},"class_list":["post-558","page","type-page","status-publish","has-post-thumbnail","hentry"],"_links":{"self":[{"href":"https:\/\/www.silbern.church\/pt\/wp-json\/wp\/v2\/pages\/558","targetHints":{"allow":["GET"]}}],"collection":[{"href":"https:\/\/www.silbern.church\/pt\/wp-json\/wp\/v2\/pages"}],"about":[{"href":"https:\/\/www.silbern.church\/pt\/wp-json\/wp\/v2\/types\/page"}],"author":[{"embeddable":true,"href":"https:\/\/www.silbern.church\/pt\/wp-json\/wp\/v2\/users\/1"}],"replies":[{"embeddable":true,"href":"https:\/\/www.silbern.church\/pt\/wp-json\/wp\/v2\/comments?post=558"}],"version-history":[{"count":5,"href":"https:\/\/www.silbern.church\/pt\/wp-json\/wp\/v2\/pages\/558\/revisions"}],"predecessor-version":[{"id":1153,"href":"https:\/\/www.silbern.church\/pt\/wp-json\/wp\/v2\/pages\/558\/revisions\/1153"}],"wp:featuredmedia":[{"embeddable":true,"href":"https:\/\/www.silbern.church\/pt\/wp-json\/"}],"wp:attachment":[{"href":"https:\/\/www.silbern.church\/pt\/wp-json\/wp\/v2\/media?parent=558"}],"curies":[{"name":"wp","href":"https:\/\/api.w.org\/{rel}","templated":true}]}}