{"id":623,"date":"2025-12-30T19:43:28","date_gmt":"2025-12-30T18:43:28","guid":{"rendered":"https:\/\/www.silbern.church\/pt\/?page_id=623"},"modified":"2026-01-09T11:58:40","modified_gmt":"2026-01-09T10:58:40","slug":"curso-de-membresia","status":"publish","type":"page","link":"https:\/\/www.silbern.church\/pt\/curso-de-membresia\/","title":{"rendered":"Curso de Membresia"},"content":{"rendered":"<div id=\"pl-623\"  class=\"panel-layout\" ><div id=\"pg-623-0\"  class=\"panel-grid panel-no-style\" ><div id=\"pgc-623-0-0\"  class=\"panel-grid-cell\" ><div id=\"panel-623-0-0-0\" class=\"so-panel widget widget_meinechurchcontentspacer-widget panel-first-child panel-last-child\" data-index=\"0\" ><div\n\t\t\t\n\t\t\tclass=\"so-widget-meinechurchcontentspacer-widget so-widget-meinechurchcontentspacer-widget-base\"\n\t\t\t\n\t\t>\n\t<!-- Content spacer div with size-specific CSS class -->\n\t<div class=\"contentspacer-medium\"><\/div>\n<\/div><\/div><\/div><\/div><div id=\"pg-623-1\"  class=\"panel-grid panel-no-style\" ><div id=\"pgc-623-1-0\"  class=\"panel-grid-cell\" ><div id=\"panel-623-1-0-0\" class=\"so-panel widget widget_sow-image panel-first-child\" data-index=\"1\" ><div\n\t\t\t\n\t\t\tclass=\"so-widget-sow-image so-widget-sow-image-default-8b5b6f678277-623\"\n\t\t\t\n\t\t>\n<div class=\"sow-image-container\">\n\t\t<img src=\"data:image\/gif;base64,R0lGODlhAQABAAAAACH5BAEKAAEALAAAAAABAAEAAAICTAEAOw==\" width=\"1920\" height=\"1080\" sizes=\"(max-width: 1920px) 100vw, 1920px\" alt=\"\" class=\"so-widget-image lazyload\" data-src=\"https:\/\/www.silbern.church\/wp-content\/uploads\/mitgliedschaftskurs.jpg\">\n\t<\/div>\n\n<\/div><\/div><div id=\"panel-623-1-0-1\" class=\"so-panel widget widget_meinechurchcontentspacer-widget panel-last-child\" data-index=\"2\" ><div\n\t\t\t\n\t\t\tclass=\"so-widget-meinechurchcontentspacer-widget so-widget-meinechurchcontentspacer-widget-base\"\n\t\t\t\n\t\t>\n\t<!-- Content spacer div with size-specific CSS class -->\n\t<div class=\"contentspacer-small\"><\/div>\n<\/div><\/div><\/div><div id=\"pgc-623-1-1\"  class=\"panel-grid-cell\" ><div id=\"panel-623-1-1-0\" class=\"so-panel widget widget_sow-editor panel-first-child\" data-index=\"3\" ><div\n\t\t\t\n\t\t\tclass=\"so-widget-sow-editor so-widget-sow-editor-base\"\n\t\t\t\n\t\t>\n<div class=\"siteorigin-widget-tinymce textwidget\">\n\t<p>No \u00abCurso de Membresia\u00bb te apresentaremos nossa igreja, nossa equipe de l\u00edderes, nossa vis\u00e3o e organiza\u00e7\u00e3o.<\/p>\n<p>No final do curso voc\u00ea ter\u00e1 a oportunidade de inscrever-se como membro.<\/p>\n<\/div>\n<\/div><\/div><div id=\"panel-623-1-1-1\" class=\"so-panel widget widget_meinechurchcontentspacer-widget\" data-index=\"4\" ><div\n\t\t\t\n\t\t\tclass=\"so-widget-meinechurchcontentspacer-widget so-widget-meinechurchcontentspacer-widget-base\"\n\t\t\t\n\t\t>\n\t<!-- Content spacer div with size-specific CSS class -->\n\t<div class=\"contentspacer-small\"><\/div>\n<\/div><\/div><div id=\"panel-623-1-1-2\" class=\"so-panel widget widget_sow-editor panel-last-child\" data-index=\"5\" ><div\n\t\t\t\n\t\t\tclass=\"so-widget-sow-editor so-widget-sow-editor-base\"\n\t\t\t\n\t\t><h3 class=\"widget-title\">Informa\u00e7\u00f5es sobre o curso<\/h3>\n<div class=\"siteorigin-widget-tinymce textwidget\">\n\t<table>\n<tbody>\n<tr>\n<td style=\"background: #eee; font-weight: 600; padding: 0 4px; vertical-align: top;\" nowrap=\"nowrap\">Datos:<\/td>\n<td style=\"padding: 0 0 0 10px; vertical-align: top;\">7 de junho de2026<\/td>\n<\/tr>\n<tr>\n<td style=\"background: #eee; font-weight: 600; padding: 0 4px; vertical-align: top;\" nowrap=\"nowrap\">Hor\u00e1rio:<\/td>\n<td style=\"padding: 0 0 0 10px; vertical-align: top;\">16:00<\/td>\n<\/tr>\n<tr>\n<td style=\"background: #eee; font-weight: 600; padding: 0 4px; vertical-align: top;\" nowrap=\"nowrap\">dura\u00e7\u00e3o:<\/td>\n<td style=\"padding: 0 0 0 10px; vertical-align: top;\">aproximadamente 45 minutos<\/td>\n<\/tr>\n<tr>\n<td style=\"background: #eee; font-weight: 600; padding: 0 4px; vertical-align: top;\" nowrap=\"nowrap\">Local:<\/td>\n<td style=\"padding: 0 0 0 10px; vertical-align: top;\">Silbern Church<\/td>\n<\/tr>\n<tr>\n<td style=\"background: #eee; font-weight: 600; padding: 0 4px; vertical-align: top;\" nowrap=\"nowrap\">Inscri\u00e7\u00e3o:<\/td>\n<td style=\"padding: 0 0 0 10px; vertical-align: top;\">N\u00e3o \u00e9 necess\u00e1rio fazer uma inscri\u00e7\u00e3o<\/td>\n<\/tr>\n<tr>\n<td style=\"background: #eee; font-weight: 600; padding: 0 4px; vertical-align: top;\" nowrap=\"nowrap\">Crian\u00e7as:<\/td>\n<td style=\"padding: 0 0 0 10px; vertical-align: top;\">Durante o curso o cuidado da crian\u00e7a \u00e9 oferecido<\/td>\n<\/tr>\n<tr>\n<td style=\"background: #eee; font-weight: 600; padding: 0 4px; vertical-align: top;\" nowrap=\"nowrap\">Tradu\u00e7\u00e3o:<\/td>\n<td style=\"padding: 0 0 0 10px; vertical-align: top;\">Se ofereci tradu\u00e7\u00e3o em espanhol e portugu\u00eas.<\/td>\n<\/tr>\n<\/tbody>\n<\/table>\n<p>&nbsp;<\/p>\n<\/div>\n<\/div><\/div><\/div><\/div><\/div>","protected":false},"excerpt":{"rendered":"<p>Se expresse como um membro da nossa igreja.<\/p>\n","protected":false},"author":1,"featured_media":145,"parent":0,"menu_order":80,"comment_status":"closed","ping_status":"closed","template":"","meta":{"inline_featured_image":false,"footnotes":""},"class_list":["post-623","page","type-page","status-publish","has-post-thumbnail","hentry"],"_links":{"self":[{"href":"https:\/\/www.silbern.church\/pt\/wp-json\/wp\/v2\/pages\/623","targetHints":{"allow":["GET"]}}],"collection":[{"href":"https:\/\/www.silbern.church\/pt\/wp-json\/wp\/v2\/pages"}],"about":[{"href":"https:\/\/www.silbern.church\/pt\/wp-json\/wp\/v2\/types\/page"}],"author":[{"embeddable":true,"href":"https:\/\/www.silbern.church\/pt\/wp-json\/wp\/v2\/users\/1"}],"replies":[{"embeddable":true,"href":"https:\/\/www.silbern.church\/pt\/wp-json\/wp\/v2\/comments?post=623"}],"version-history":[{"count":0,"href":"https:\/\/www.silbern.church\/pt\/wp-json\/wp\/v2\/pages\/623\/revisions"}],"wp:featuredmedia":[{"embeddable":true,"href":"https:\/\/www.silbern.church\/pt\/wp-json\/"}],"wp:attachment":[{"href":"https:\/\/www.silbern.church\/pt\/wp-json\/wp\/v2\/media?parent=623"}],"curies":[{"name":"wp","href":"https:\/\/api.w.org\/{rel}","templated":true}]}}